{"id":134,"date":"2025-09-17T14:03:13","date_gmt":"2025-09-17T12:03:13","guid":{"rendered":"http:\/\/localhost\/changan\/?page_id=134"},"modified":"2026-01-13T18:57:53","modified_gmt":"2026-01-13T17:57:53","slug":"nase-usluge","status":"publish","type":"page","link":"https:\/\/changan2.mediavistacloud.com\/ba\/nase-usluge\/","title":{"rendered":"Na\u0161e usluge"},"content":{"rendered":"\n<section class=\"cover\">\n    <div class=\"c\">\n        \n                    <h1 class=\" fw-\">Na\u0161e usluge<\/h1>\n        \n            <\/div>\n\n    <div class=\"bg\">\n                    <img loading=\"lazy\" decoding=\"async\"  class=\"img-cover\" src=\"https:\/\/changan2.mediavistacloud.com\/ba\/wp-content\/uploads\/2025\/09\/hero.jpg\" alt=\"\" width=\"1920\" height=\"1280\" \/>\n        \n            <\/div>\n<\/section>\n\n\n<section class=\"text bg--white mt--md mb--sm align--center\">\n    <div class=\"c\">\n        <div class=\"text__ctn text__ctn--small\"\">\n            \n                            <h2 class=\"h3 fw-light\">Va\u0161 pouzdan partner u <strong>mobilnosti<\/strong><\/h2>\n            \n                            <p>Na\u0161a vrhunska usluga osmi\u0161ljena je da odgovori na specifi\u010dne potrebe va\u0161eg vozila, osiguravaju\u0107i da ono ostane u savr\u0161enom stanju za optimalne performanse. Od sveobuhvatne pomo\u0107i i redovnog odr\u017eavanja do specijalizovane njege \u2014 nudimo stru\u010dna rje\u0161enja koja produ\u017eavaju vijek trajanja va\u0161eg automobila i pove\u0107avaju njegovu efikasnost. Povjerite nam brigu o svom vozilu i u\u017eivajte u mobilnosti, pouzdano i bez stresa, dok vi bezbri\u017eno gledate ka putu ispred sebe.<\/p>\n            \n            \n                    <\/div>\n    <\/div>\n<\/section>\n\n\n<section class=\"rows mt--no mb--lg\">\n    <div class=\"c\">\n                <div class=\"rows__list\">\n                            <div class=\"row row--left\">\n                    <div class=\"row__image\">\n                                                    <img loading=\"lazy\" decoding=\"async\" class=\"img-cover\" src=\"https:\/\/changan2.mediavistacloud.com\/ba\/wp-content\/uploads\/2025\/09\/service-final.webp\" alt=\"\" width=\"1440\" height=\"1440\">\n                                            <\/div>\n\n                    <div class=\"row__ctn bg--light\">\n                                                    <p class=\"subtitle descriptive-text-1 fw-light\">Servis<\/p>\n                        \n                                                    <h3 class=\"h4 fw-regular\">SLU\u017dBENI OVLA\u0160TENI CHANGAN SERVIS<\/h3>\n                        \n                                                    <div class=\"description\"><p>Zvani\u010dni ovla\u0161teni servis Changana nudi kompletan spektar tehni\u010dkih usluga za va\u0161 automobil. Sa iskusnim i stru\u010dnim mehani\u010darima, mo\u017eete biti sigurni da je va\u0161 automobil u sigurnim rukama. Usluge obuhvataju odr\u017eavanje, mehani\u010dke popravke, elektri\u010dne dijagnostike, karoserijske radove i farbanje. Obratite se bilo kojem od ovla\u0161tenih Changan servisa kako biste brzo i pouzdano rije\u0161ili sve potrebe va\u0161eg automobila.<\/p>\n<\/div>\n                        \n                                            <\/div>\n                <\/div>\n                    <\/div>\n            <\/div>\n<\/section>\n\n\n<section class=\"text bg--white mt--no mb--md align--center\">\n    <div class=\"c\">\n        <div class=\"text__ctn text__ctn--small\"\">\n            \n                            <h2 class=\"h3 fw-light\">Iskusite <strong>mir<\/strong> koji zaslu\u017eujete<\/h2>\n            \n                            <p>Potreban mir dok otkrivate puni potencijal svog automobila uz na\u0161e usluge. Od pouzdanog garantnog pokri\u0107a do uputstava za korisnike, posve\u0107eni smo unapre\u0111enju svakog aspekta va\u0161e voza\u010dke avanture.<\/p>\n            \n            \n                    <\/div>\n    <\/div>\n<\/section>\n\n\n<section class=\"rows mt--no mb--md\">\n    <div class=\"c\">\n                <div class=\"rows__list\">\n                            <div class=\"row row--left\">\n                    <div class=\"row__image\">\n                                                    <img loading=\"lazy\" decoding=\"async\" class=\"img-cover\" src=\"https:\/\/changan2.mediavistacloud.com\/ba\/wp-content\/uploads\/2025\/09\/warranty.webp\" alt=\"\" width=\"1440\" height=\"810\">\n                                            <\/div>\n\n                    <div class=\"row__ctn bg--light\">\n                        \n                                                    <h3 class=\"h4 fw-regular\">Garancija<\/h3>\n                        \n                                                    <div class=\"description\"><p>Vozite sa punim mirom. Na\u0161a garancija \u0161titi va\u0161 automobil pru\u017eaju\u0107i maksimalnu sigurnost i pouzdanost. Saznajte sve detalje o pokri\u0107u garancije i u\u017eivajte u vo\u017enji bez brige, znaju\u0107i da imate izuzetnu podr\u0161ku.<\/p>\n<\/div>\n                        \n                                                    <div class=\"buttons\">\n                                                                    <a class=\"btn btn--outline\" href=\"#\" target=\"\">\n                                                                                Istra\u017eite                                    <\/a>\n                                                            <\/div>\n                                            <\/div>\n                <\/div>\n                    <\/div>\n            <\/div>\n<\/section>\n\n\n<section class=\"text bg--white mt--md mb--sm align--center\">\n    <div class=\"c\">\n        <div class=\"text__ctn text__ctn--small\"\">\n            \n                            <h2 class=\"h3 fw-light\">Pouzdana podr\u0161ka za vo\u017enju <strong>bez stresa<\/strong><\/h2>\n            \n                            <p>Istra\u017eite niz usluga osmi\u0161ljenih da va\u0161 automobil odr\u017ee u vrhunskom stanju. Od tehni\u010dke podr\u0161ke do popravki i odr\u017eavanja, pru\u017eamo visokokvalitetnu pomo\u0107 na svakom koraku. Bilo da vam trebaju originalni dijelovi, savjeti za automobil ili izuzetna korisni\u010dka podr\u0161ka, tu smo da vam obezbijedimo nesmetano i bezbri\u017eno iskustvo vo\u017enje.<\/p>\n            \n            \n                    <\/div>\n    <\/div>\n<\/section>\n\n\n<section class=\"mosaic\">\n    <div class=\"c\">\n                    <div class=\"mosaic__list\">\n                                    <div class=\"item item--right\">\n                                                    <div class=\"item__image\">\n                                <figure>\n                                    <picture>\n                                        <img loading=\"lazy\" decoding=\"async\" class=\"img-cover\" src=\"https:\/\/changan2.mediavistacloud.com\/ba\/wp-content\/uploads\/2025\/09\/factory3.webp\" alt=\"\" width=\"1600\" height=\"1066\">\n                                    <\/picture>\n                                <\/figure>\n                            <\/div>\n                        \n                        <div class=\"item__ctn\">\n                            \n                                                            <h3 class=\"h4\">Efikasne popravke i odr\u017eavanje<\/h3>\n                            \n                                                            <div class=\"description\"><p>Brza i pouzdana usluga koja vas odr\u017eava u pokretu.<\/p>\n<\/div>\n                                                    <\/div>\n                    <\/div>\n                                    <div class=\"item item--right\">\n                                                    <div class=\"item__image\">\n                                <figure>\n                                    <picture>\n                                        <img loading=\"lazy\" decoding=\"async\" class=\"img-cover\" src=\"https:\/\/changan2.mediavistacloud.com\/ba\/wp-content\/uploads\/2025\/09\/factory2.webp\" alt=\"\" width=\"1600\" height=\"1066\">\n                                    <\/picture>\n                                <\/figure>\n                            <\/div>\n                        \n                        <div class=\"item__ctn\">\n                            \n                                                            <h3 class=\"h4\">Profesionalna tehni\u010dka podr\u0161ka<\/h3>\n                            \n                                                            <div class=\"description\"><p>Stru\u010dna pomo\u0107 za sve va\u0161e tehni\u010dke potrebe.<\/p>\n<\/div>\n                                                    <\/div>\n                    <\/div>\n                                    <div class=\"item item--left\">\n                                                    <div class=\"item__image\">\n                                <figure>\n                                    <picture>\n                                        <img loading=\"lazy\" decoding=\"async\" class=\"img-cover\" src=\"https:\/\/changan2.mediavistacloud.com\/ba\/wp-content\/uploads\/2025\/09\/Battery-new.webp\" alt=\"\" width=\"1600\" height=\"1455\">\n                                    <\/picture>\n                                <\/figure>\n                            <\/div>\n                        \n                        <div class=\"item__ctn\">\n                            \n                                                            <h3 class=\"h4\">Snabdevanje originalnim dijelovima<\/h3>\n                            \n                                                            <div class=\"description\"><p>Originalni dijelovi dizajnirani za dugotrajne performanse.<\/p>\n<\/div>\n                                                    <\/div>\n                    <\/div>\n                                    <div class=\"item item--left\">\n                                                    <div class=\"item__image\">\n                                <figure>\n                                    <picture>\n                                        <img loading=\"lazy\" decoding=\"async\" class=\"img-cover\" src=\"https:\/\/changan2.mediavistacloud.com\/ba\/wp-content\/uploads\/2025\/09\/07-01.webp\" alt=\"\" width=\"1600\" height=\"1066\">\n                                    <\/picture>\n                                <\/figure>\n                            <\/div>\n                        \n                        <div class=\"item__ctn\">\n                            \n                                                            <h3 class=\"h4\">Precizna dijagnostika kvarova<\/h3>\n                            \n                                                            <div class=\"description\"><p>Ta\u010dni uvidi za identifikaciju i rje\u0161avanje problema.<\/p>\n<\/div>\n                                                    <\/div>\n                    <\/div>\n                            <\/div>\n            <\/div>\n<\/section>","protected":false},"excerpt":{"rendered":"","protected":false},"author":1,"featured_media":0,"parent":0,"menu_order":0,"comment_status":"closed","ping_status":"closed","template":"","meta":{"footnotes":""},"class_list":["post-134","page","type-page","status-publish","hentry"],"acf":[],"yoast_head":"<!-- This site is optimized with the Yoast SEO plugin v26.4 - https:\/\/yoast.com\/wordpress\/plugins\/seo\/ -->\n<title>Na\u0161e usluge | Changan Balkans<\/title>\n<meta name=\"robots\" content=\"index, follow, max-snippet:-1, max-image-preview:large, max-video-preview:-1\" \/>\n<link rel=\"canonical\" href=\"https:\/\/changan2.mediavistacloud.com\/ba\/nase-usluge\/\" \/>\n<meta property=\"og:locale\" content=\"en_US\" \/>\n<meta property=\"og:type\" content=\"article\" \/>\n<meta property=\"og:title\" content=\"Na\u0161e usluge | Changan Balkans\" \/>\n<meta property=\"og:url\" content=\"https:\/\/changan2.mediavistacloud.com\/ba\/nase-usluge\/\" \/>\n<meta property=\"og:site_name\" content=\"Changan Balkans\" \/>\n<meta property=\"article:modified_time\" content=\"2026-01-13T17:57:53+00:00\" \/>\n<meta property=\"og:image\" content=\"https:\/\/changan2.mediavistacloud.com\/ba\/wp-content\/uploads\/2025\/09\/site-image.jpg\" \/>\n\t<meta property=\"og:image:width\" content=\"1200\" \/>\n\t<meta property=\"og:image:height\" content=\"675\" \/>\n\t<meta property=\"og:image:type\" content=\"image\/jpeg\" \/>\n<meta name=\"twitter:card\" content=\"summary_large_image\" \/>\n<script type=\"application\/ld+json\" class=\"yoast-schema-graph\">{\"@context\":\"https:\/\/schema.org\",\"@graph\":[{\"@type\":\"WebPage\",\"@id\":\"https:\/\/changan2.mediavistacloud.com\/ba\/nase-usluge\/\",\"url\":\"https:\/\/changan2.mediavistacloud.com\/ba\/nase-usluge\/\",\"name\":\"Na\u0161e usluge | Changan Balkans\",\"isPartOf\":{\"@id\":\"https:\/\/changan2.mediavistacloud.com\/ba\/#website\"},\"datePublished\":\"2025-09-17T12:03:13+00:00\",\"dateModified\":\"2026-01-13T17:57:53+00:00\",\"breadcrumb\":{\"@id\":\"https:\/\/changan2.mediavistacloud.com\/ba\/nase-usluge\/#breadcrumb\"},\"inLanguage\":\"en-US\",\"potentialAction\":[{\"@type\":\"ReadAction\",\"target\":[\"https:\/\/changan2.mediavistacloud.com\/ba\/nase-usluge\/\"]}]},{\"@type\":\"BreadcrumbList\",\"@id\":\"https:\/\/changan2.mediavistacloud.com\/ba\/nase-usluge\/#breadcrumb\",\"itemListElement\":[{\"@type\":\"ListItem\",\"position\":1,\"name\":\"Home\",\"item\":\"https:\/\/changan2.mediavistacloud.com\/ba\/\"},{\"@type\":\"ListItem\",\"position\":2,\"name\":\"Na\u0161e usluge\"}]},{\"@type\":\"WebSite\",\"@id\":\"https:\/\/changan2.mediavistacloud.com\/ba\/#website\",\"url\":\"https:\/\/changan2.mediavistacloud.com\/ba\/\",\"name\":\"Changan Balkan\",\"description\":\"\",\"publisher\":{\"@id\":\"https:\/\/changan2.mediavistacloud.com\/ba\/#organization\"},\"potentialAction\":[{\"@type\":\"SearchAction\",\"target\":{\"@type\":\"EntryPoint\",\"urlTemplate\":\"https:\/\/changan2.mediavistacloud.com\/ba\/?s={search_term_string}\"},\"query-input\":{\"@type\":\"PropertyValueSpecification\",\"valueRequired\":true,\"valueName\":\"search_term_string\"}}],\"inLanguage\":\"en-US\"},{\"@type\":\"Organization\",\"@id\":\"https:\/\/changan2.mediavistacloud.com\/ba\/#organization\",\"name\":\"Changan Balkan\",\"url\":\"https:\/\/changan2.mediavistacloud.com\/ba\/\",\"logo\":{\"@type\":\"ImageObject\",\"inLanguage\":\"en-US\",\"@id\":\"https:\/\/changan2.mediavistacloud.com\/ba\/#\/schema\/logo\/image\/\",\"url\":\"http:\/\/localhost\/changan\/wp-content\/uploads\/2025\/09\/cropped-fav.jpg\",\"contentUrl\":\"http:\/\/localhost\/changan\/wp-content\/uploads\/2025\/09\/cropped-fav.jpg\",\"width\":512,\"height\":512,\"caption\":\"Changan Balkan\"},\"image\":{\"@id\":\"https:\/\/changan2.mediavistacloud.com\/ba\/#\/schema\/logo\/image\/\"}}]}<\/script>\n<!-- \/ Yoast SEO plugin. -->","yoast_head_json":{"title":"Na\u0161e usluge | Changan Balkans","robots":{"index":"index","follow":"follow","max-snippet":"max-snippet:-1","max-image-preview":"max-image-preview:large","max-video-preview":"max-video-preview:-1"},"canonical":"https:\/\/changan2.mediavistacloud.com\/ba\/nase-usluge\/","og_locale":"en_US","og_type":"article","og_title":"Na\u0161e usluge | Changan Balkans","og_url":"https:\/\/changan2.mediavistacloud.com\/ba\/nase-usluge\/","og_site_name":"Changan Balkans","article_modified_time":"2026-01-13T17:57:53+00:00","og_image":[{"width":1200,"height":675,"url":"https:\/\/changan2.mediavistacloud.com\/ba\/wp-content\/uploads\/2025\/09\/site-image.jpg","type":"image\/jpeg"}],"twitter_card":"summary_large_image","schema":{"@context":"https:\/\/schema.org","@graph":[{"@type":"WebPage","@id":"https:\/\/changan2.mediavistacloud.com\/ba\/nase-usluge\/","url":"https:\/\/changan2.mediavistacloud.com\/ba\/nase-usluge\/","name":"Na\u0161e usluge | Changan Balkans","isPartOf":{"@id":"https:\/\/changan2.mediavistacloud.com\/ba\/#website"},"datePublished":"2025-09-17T12:03:13+00:00","dateModified":"2026-01-13T17:57:53+00:00","breadcrumb":{"@id":"https:\/\/changan2.mediavistacloud.com\/ba\/nase-usluge\/#breadcrumb"},"inLanguage":"en-US","potentialAction":[{"@type":"ReadAction","target":["https:\/\/changan2.mediavistacloud.com\/ba\/nase-usluge\/"]}]},{"@type":"BreadcrumbList","@id":"https:\/\/changan2.mediavistacloud.com\/ba\/nase-usluge\/#breadcrumb","itemListElement":[{"@type":"ListItem","position":1,"name":"Home","item":"https:\/\/changan2.mediavistacloud.com\/ba\/"},{"@type":"ListItem","position":2,"name":"Na\u0161e usluge"}]},{"@type":"WebSite","@id":"https:\/\/changan2.mediavistacloud.com\/ba\/#website","url":"https:\/\/changan2.mediavistacloud.com\/ba\/","name":"Changan Balkan","description":"","publisher":{"@id":"https:\/\/changan2.mediavistacloud.com\/ba\/#organization"},"potentialAction":[{"@type":"SearchAction","target":{"@type":"EntryPoint","urlTemplate":"https:\/\/changan2.mediavistacloud.com\/ba\/?s={search_term_string}"},"query-input":{"@type":"PropertyValueSpecification","valueRequired":true,"valueName":"search_term_string"}}],"inLanguage":"en-US"},{"@type":"Organization","@id":"https:\/\/changan2.mediavistacloud.com\/ba\/#organization","name":"Changan Balkan","url":"https:\/\/changan2.mediavistacloud.com\/ba\/","logo":{"@type":"ImageObject","inLanguage":"en-US","@id":"https:\/\/changan2.mediavistacloud.com\/ba\/#\/schema\/logo\/image\/","url":"http:\/\/localhost\/changan\/wp-content\/uploads\/2025\/09\/cropped-fav.jpg","contentUrl":"http:\/\/localhost\/changan\/wp-content\/uploads\/2025\/09\/cropped-fav.jpg","width":512,"height":512,"caption":"Changan Balkan"},"image":{"@id":"https:\/\/changan2.mediavistacloud.com\/ba\/#\/schema\/logo\/image\/"}}]}},"_links":{"self":[{"href":"https:\/\/changan2.mediavistacloud.com\/ba\/wp-json\/wp\/v2\/pages\/134","targetHints":{"allow":["GET"]}}],"collection":[{"href":"https:\/\/changan2.mediavistacloud.com\/ba\/wp-json\/wp\/v2\/pages"}],"about":[{"href":"https:\/\/changan2.mediavistacloud.com\/ba\/wp-json\/wp\/v2\/types\/page"}],"author":[{"embeddable":true,"href":"https:\/\/changan2.mediavistacloud.com\/ba\/wp-json\/wp\/v2\/users\/1"}],"replies":[{"embeddable":true,"href":"https:\/\/changan2.mediavistacloud.com\/ba\/wp-json\/wp\/v2\/comments?post=134"}],"version-history":[{"count":30,"href":"https:\/\/changan2.mediavistacloud.com\/ba\/wp-json\/wp\/v2\/pages\/134\/revisions"}],"predecessor-version":[{"id":1200,"href":"https:\/\/changan2.mediavistacloud.com\/ba\/wp-json\/wp\/v2\/pages\/134\/revisions\/1200"}],"wp:attachment":[{"href":"https:\/\/changan2.mediavistacloud.com\/ba\/wp-json\/wp\/v2\/media?parent=134"}],"curies":[{"name":"wp","href":"https:\/\/api.w.org\/{rel}","templated":true}]}}