{"id":460,"date":"2025-09-23T16:18:32","date_gmt":"2025-09-23T14:18:32","guid":{"rendered":"http:\/\/localhost\/changan\/?page_id=460"},"modified":"2026-01-13T19:03:50","modified_gmt":"2026-01-13T18:03:50","slug":"e-tehnologija","status":"publish","type":"page","link":"https:\/\/changan2.mediavistacloud.com\/ba\/e-tehnologija\/","title":{"rendered":"E-Tehnologija"},"content":{"rendered":"\n<section class=\"cover\">\n    <div class=\"c\">\n        \n                    <h1 class=\"h2 fw-regular\">E-tehnologija<\/h1>\n        \n            <\/div>\n\n    <div class=\"bg\">\n                    <img loading=\"lazy\" decoding=\"async\"  class=\"img-cover\" src=\"https:\/\/changan2.mediavistacloud.com\/ba\/wp-content\/uploads\/2025\/09\/header_etehnology.jpg\" alt=\"\" width=\"1920\" height=\"539\" \/>\n        \n            <\/div>\n<\/section>\n\n\n<section class=\"text bg--white mt--xs mb--md align--center\">\n    <div class=\"c\">\n        <div class=\"text__ctn text__ctn--small\"\">\n            \n                            <h2 class=\"h3 fw-light\">Inteligentni sistemi <strong>za sigurniju, pametniju i efikasniju vo\u017enju<\/strong><\/h2>\n            \n                            <p>U kompaniji Changan posve\u0107eni smo pomjeranju granica automobilske tehnologije kroz na\u0161e napredne e-tehnolo\u0161ke sisteme, osmi\u0161ljene da vo\u017enju u\u010dine sigurnijom, efikasnijom i maksimalno prilago\u0111enom potrebama korisnika.<\/p>\n            \n            \n                    <\/div>\n    <\/div>\n<\/section>\n\n\n<section class=\"text-image bg--light mt--sm mb--sm align--left\">\n    <div class=\"text-image__image image-left\">\n                    <img loading=\"lazy\" decoding=\"async\" class=\"img-cover\" src=\"https:\/\/changan2.mediavistacloud.com\/ba\/wp-content\/uploads\/2025\/09\/LKAI10311.webp\" alt=\"\" width=\"1440\" height=\"810\" \/>\n            <\/div>\n    <div class=\"text-image__ctn text-image__ctn--\"\">\n        \n                    <h2 class=\"h3 fw-regular\">Changan fabrika digitalne inteligencije<\/h2>\n        \n                    <p>Kao vode\u0107a svjetska 5G fabrika digitalne inteligencije sa potpunim pokrivanjem, ova fabrika isti\u010de inteligentne, niskougljeni\u010dne i visokoefikasne procese. Sa ukupnim ulaganjem od 1,3 milijarde evra, objekat zauzima povr\u0161inu od oko 780.000 kvadratnih metara, od \u010dega je 410.000 kvadratnih metara gra\u0111evinske povr\u0161ine. U prosjeku, novi automobil si\u0111e s proizvodne trake na svakih 60 sekundi, \u0161to odra\u017eava njenu neuporedivu efikasnost i inovativnost.<\/p>\n        \n            <\/div>\n<\/section>\n\n\n<section class=\"carousel\">\n            <div class=\"swiper\">\n            <div class=\"swiper-wrapper\">\n                                    <div class=\"swiper-slide\">\n                        <a class=\"js-card\" href=\"https:\/\/changan2.mediavistacloud.com\/ba\/wp-content\/uploads\/2025\/09\/factory10.jpg\" data-open=\"slide-1\">\n                            <img loading=\"lazy\" decoding=\"async\"  class=\"img-cover\" src=\"https:\/\/changan2.mediavistacloud.com\/ba\/wp-content\/uploads\/2025\/09\/factory10.jpg\" alt=\"\" width=\"1230\" height=\"820\">\n                        <\/a>\n                    <\/div>\n                                    <div class=\"swiper-slide\">\n                        <a class=\"js-card\" href=\"https:\/\/changan2.mediavistacloud.com\/ba\/wp-content\/uploads\/2025\/09\/factory2.jpg\" data-open=\"slide-2\">\n                            <img loading=\"lazy\" decoding=\"async\"  class=\"img-cover\" src=\"https:\/\/changan2.mediavistacloud.com\/ba\/wp-content\/uploads\/2025\/09\/factory2.jpg\" alt=\"\" width=\"1230\" height=\"820\">\n                        <\/a>\n                    <\/div>\n                                    <div class=\"swiper-slide\">\n                        <a class=\"js-card\" href=\"https:\/\/changan2.mediavistacloud.com\/ba\/wp-content\/uploads\/2025\/09\/factory5.jpg\" data-open=\"slide-3\">\n                            <img loading=\"lazy\" decoding=\"async\"  class=\"img-cover\" src=\"https:\/\/changan2.mediavistacloud.com\/ba\/wp-content\/uploads\/2025\/09\/factory5.jpg\" alt=\"\" width=\"1230\" height=\"820\">\n                        <\/a>\n                    <\/div>\n                                    <div class=\"swiper-slide\">\n                        <a class=\"js-card\" href=\"https:\/\/changan2.mediavistacloud.com\/ba\/wp-content\/uploads\/2025\/09\/factory6.jpg\" data-open=\"slide-4\">\n                            <img loading=\"lazy\" decoding=\"async\"  class=\"img-cover\" src=\"https:\/\/changan2.mediavistacloud.com\/ba\/wp-content\/uploads\/2025\/09\/factory6.jpg\" alt=\"\" width=\"1230\" height=\"820\">\n                        <\/a>\n                    <\/div>\n                                    <div class=\"swiper-slide\">\n                        <a class=\"js-card\" href=\"https:\/\/changan2.mediavistacloud.com\/ba\/wp-content\/uploads\/2025\/09\/factory7.jpg\" data-open=\"slide-5\">\n                            <img loading=\"lazy\" decoding=\"async\"  class=\"img-cover\" src=\"https:\/\/changan2.mediavistacloud.com\/ba\/wp-content\/uploads\/2025\/09\/factory7.jpg\" alt=\"\" width=\"1230\" height=\"820\">\n                        <\/a>\n                    <\/div>\n                                    <div class=\"swiper-slide\">\n                        <a class=\"js-card\" href=\"https:\/\/changan2.mediavistacloud.com\/ba\/wp-content\/uploads\/2025\/09\/factory8.jpg\" data-open=\"slide-6\">\n                            <img loading=\"lazy\" decoding=\"async\"  class=\"img-cover\" src=\"https:\/\/changan2.mediavistacloud.com\/ba\/wp-content\/uploads\/2025\/09\/factory8.jpg\" alt=\"\" width=\"1230\" height=\"820\">\n                        <\/a>\n                    <\/div>\n                                    <div class=\"swiper-slide\">\n                        <a class=\"js-card\" href=\"https:\/\/changan2.mediavistacloud.com\/ba\/wp-content\/uploads\/2025\/09\/factory9.jpg\" data-open=\"slide-7\">\n                            <img loading=\"lazy\" decoding=\"async\"  class=\"img-cover\" src=\"https:\/\/changan2.mediavistacloud.com\/ba\/wp-content\/uploads\/2025\/09\/factory9.jpg\" alt=\"\" width=\"1230\" height=\"820\">\n                        <\/a>\n                    <\/div>\n                                    <div class=\"swiper-slide\">\n                        <a class=\"js-card\" href=\"https:\/\/changan2.mediavistacloud.com\/ba\/wp-content\/uploads\/2025\/09\/LKAI13401.jpg\" data-open=\"slide-8\">\n                            <img loading=\"lazy\" decoding=\"async\"  class=\"img-cover\" src=\"https:\/\/changan2.mediavistacloud.com\/ba\/wp-content\/uploads\/2025\/09\/LKAI13401.jpg\" alt=\"\" width=\"1230\" height=\"820\">\n                        <\/a>\n                    <\/div>\n                            <\/div>\n        <\/div>\n    \n        <div class=\"popup\">\n        <div class=\"close js-close\"><\/div>\n        <div class=\"swiper\">\n            <div class=\"swiper-wrapper\">\n                                    <div class=\"popup__photo swiper-slide\" data-slide=\"slide-1\">\n                        <img loading=\"lazy\" decoding=\"async\" src=\"https:\/\/changan2.mediavistacloud.com\/ba\/wp-content\/uploads\/2025\/09\/factory10.jpg\" alt=\"\" width=\"1\" height=\"1\">      \n                    <\/div>         \n                                    <div class=\"popup__photo swiper-slide\" data-slide=\"slide-2\">\n                        <img loading=\"lazy\" decoding=\"async\" src=\"https:\/\/changan2.mediavistacloud.com\/ba\/wp-content\/uploads\/2025\/09\/factory2.jpg\" alt=\"\" width=\"1\" height=\"1\">      \n                    <\/div>         \n                                    <div class=\"popup__photo swiper-slide\" data-slide=\"slide-3\">\n                        <img loading=\"lazy\" decoding=\"async\" src=\"https:\/\/changan2.mediavistacloud.com\/ba\/wp-content\/uploads\/2025\/09\/factory5.jpg\" alt=\"\" width=\"1\" height=\"1\">      \n                    <\/div>         \n                                    <div class=\"popup__photo swiper-slide\" data-slide=\"slide-4\">\n                        <img loading=\"lazy\" decoding=\"async\" src=\"https:\/\/changan2.mediavistacloud.com\/ba\/wp-content\/uploads\/2025\/09\/factory6.jpg\" alt=\"\" width=\"1\" height=\"1\">      \n                    <\/div>         \n                                    <div class=\"popup__photo swiper-slide\" data-slide=\"slide-5\">\n                        <img loading=\"lazy\" decoding=\"async\" src=\"https:\/\/changan2.mediavistacloud.com\/ba\/wp-content\/uploads\/2025\/09\/factory7.jpg\" alt=\"\" width=\"1\" height=\"1\">      \n                    <\/div>         \n                                    <div class=\"popup__photo swiper-slide\" data-slide=\"slide-6\">\n                        <img loading=\"lazy\" decoding=\"async\" src=\"https:\/\/changan2.mediavistacloud.com\/ba\/wp-content\/uploads\/2025\/09\/factory8.jpg\" alt=\"\" width=\"1\" height=\"1\">      \n                    <\/div>         \n                                    <div class=\"popup__photo swiper-slide\" data-slide=\"slide-7\">\n                        <img loading=\"lazy\" decoding=\"async\" src=\"https:\/\/changan2.mediavistacloud.com\/ba\/wp-content\/uploads\/2025\/09\/factory9.jpg\" alt=\"\" width=\"1\" height=\"1\">      \n                    <\/div>         \n                                    <div class=\"popup__photo swiper-slide\" data-slide=\"slide-8\">\n                        <img loading=\"lazy\" decoding=\"async\" src=\"https:\/\/changan2.mediavistacloud.com\/ba\/wp-content\/uploads\/2025\/09\/LKAI13401.jpg\" alt=\"\" width=\"1\" height=\"1\">      \n                    <\/div>         \n                            <\/div>\n            \n            <div class=\"swiper-button-prev\"><\/div>\n            <div class=\"swiper-button-next\"><\/div>\n        <\/div>\n    <\/div>\n    <\/section>\n\n\n<section class=\"features mt--no mb--lg content-position--bottom\">\n    <div class=\"c\">    \n                    <div class=\"features__list align--center\">\n                                    <div class=\"feature\">\n                        \n                                                     <h3 class=\"h4 fw-regular\">Visok stepen integracije<\/h3>\n                        \n                                                    <p>Besprijekorno spajanje naprednih komponenti radi optimizacije prostora i pouzdanosti.<\/p>\n                                            <\/div>\n                                    <div class=\"feature\">\n                        \n                                                     <h3 class=\"h4 fw-regular\">Velika gustina<br>snage<\/h3>\n                        \n                                                    <p>Prednja\u010dimo u industriji sa gustinom snage od 2,53 kW\/kg.<\/p>\n                                            <\/div>\n                                    <div class=\"feature\">\n                        \n                                                     <h3 class=\"h4 fw-regular\">Visoka<br>efikasnost<\/h3>\n                        \n                                                    <p>Postignuta izuzetna efikasnost od 92,59% u sklopu elektri\u010dnog pogona.<\/p>\n                                            <\/div>\n                            <\/div>  \n            <\/div>\n\n    <div class=\"bg\">\n\n                    <img loading=\"lazy\" decoding=\"async\" class=\"img-cover\" src=\"https:\/\/changan2.mediavistacloud.com\/ba\/wp-content\/uploads\/2025\/09\/factory33-overlay.jpg\" alt=\"\" width=\"1905\" height=\"953\" style=\"object-position: center center;\" \/>\n        \n            <\/div>\n<\/section>\n\n\n<section class=\"text-image bg--white mt--lg mb--md align--left\">\n    <div class=\"text-image__image image-right\">\n                    <img loading=\"lazy\" decoding=\"async\" class=\"img-cover\" src=\"https:\/\/changan2.mediavistacloud.com\/ba\/wp-content\/uploads\/2025\/09\/EDS2B_electric_drive.webp\" alt=\"\" width=\"1440\" height=\"810\" \/>\n            <\/div>\n    <div class=\"text-image__ctn text-image__ctn--\"\">\n        \n                    <h2 class=\"h3 fw-regular\">FORCE E-Drive: Pametniji, lak\u0161i, sna\u017eniji<\/h2>\n        \n                    <p>Changan FORCE E-Drive 2.0 razvijen je za maksimalnu efikasnost, snagu i besprijekorno iskustvo u vo\u017enji. Zahvaljuju\u0107i visokom stepenu integracije, ovaj sistem je lak\u0161i i kompaktniji, \u0161tedi prostor i istovremeno pove\u0107ava agilnost vozila.<\/p>\n<p>Sa vode\u0107om efikasno\u0161\u0107u u industriji od 92,59%, vi\u0161e energije se prenosi direktno na to\u010dkove uz minimalne gubitke \u2013 \u0161to zna\u010di ve\u0107u autonomiju i bolje performanse. Pored toga, impresivna gustina snage od 2,53 kW\/kg omogu\u0107ava sna\u017enije ubrzanje u manjem i efikasnijem paketu. Lak\u0161i, pametniji i sna\u017eniji \u2013 FORCE E-Drive podi\u017ee elektri\u010dnu vo\u017enju na potpuno novi nivo.<\/p>\n        \n            <\/div>\n<\/section>\n\n\n<section class=\"text-image bg--white mt--md mb--md align--left\">\n    <div class=\"text-image__image image-left\">\n                    <img loading=\"lazy\" decoding=\"async\" class=\"img-cover\" src=\"https:\/\/changan2.mediavistacloud.com\/ba\/wp-content\/uploads\/2025\/09\/CTP.webp\" alt=\"\" width=\"1440\" height=\"810\" \/>\n            <\/div>\n    <div class=\"text-image__ctn text-image__ctn--\"\">\n        \n                    <h2 class=\"h3 fw-regular\">Golden Shield baterija: Snaga koja traje 600.000 km<\/h2>\n        \n                    <p>Golden Shield baterija predstavlja revolucionarni iskorak kompanije Changan u oblasti skladi\u0161tenja energije \u2014 razvijena za izuzetnu dugotrajnost, sigurnost i efikasnost. Sa \u017eivotnim vijekom od 600.000 kilometara bez primjetnog gubitka kapaciteta, garantuje pouzdane performanse i produ\u017eeni domet vo\u017enje.<\/p>\n<p>Zahvaljuju\u0107i visokoj integracionoj efikasnosti, omogu\u0107ava besprekretan prenos energije uz ni\u017ee tro\u0161kove. Napravljena sa naprednim sigurnosnim sistemima i vode\u0107om stabilno\u0161\u0107u u industriji, Golden Shield baterija postavlja nove standarde za pametniju i dugotrajniju elektri\u010dnu mobilnost.<\/p>\n        \n            <\/div>\n<\/section>\n\n\n<section class=\"text-image bg--white mt--md mb--md align--left\">\n    <div class=\"text-image__image image-right\">\n                    <img loading=\"lazy\" decoding=\"async\" class=\"img-cover\" src=\"https:\/\/changan2.mediavistacloud.com\/ba\/wp-content\/uploads\/2025\/09\/05_range-ex.webp\" alt=\"\" width=\"1440\" height=\"810\" \/>\n            <\/div>\n    <div class=\"text-image__ctn text-image__ctn--\"\">\n        \n                    <h2 class=\"h3 fw-regular\">Nova definicija efikasnosti: Changan Force sistem za pro\u0161irenje dometa<\/h2>\n        \n                    <p>Napredna hibridna tehnologija nove generacije kompanije Changan postavlja nove standarde u performansama i efikasnosti. Sa prvom na svetu ultra-visokotla\u010dnim ubrizgavanjem goriva od 500 bara i sistemom visokoenergetskog paljenja od 150 mJ, omogu\u0107ava optimalno sagorijevanje i maksimalno iskori\u0161\u0107enje goriva.<\/p>\n<p>Ovaj napredni sistem posti\u017ee termalnu efikasnost od 44,39%, ultra-visok omjer kompresije od 16:1 i vode\u0107i odnos hoda i pre\u010dnika klipa (S\/B = 1,45) u industriji, isporu\u010duju\u0107i do 3,63 kWh energije po litru benzina. Razvijen za ve\u0107u snagu, manju potro\u0161nju goriva i ni\u017ee emisije, Changan-ova hibridna tehnologija pokre\u0107e budu\u0107nost odr\u017eive mobilnosti.<\/p>\n        \n            <\/div>\n<\/section>","protected":false},"excerpt":{"rendered":"","protected":false},"author":1,"featured_media":0,"parent":0,"menu_order":0,"comment_status":"closed","ping_status":"closed","template":"","meta":{"footnotes":""},"class_list":["post-460","page","type-page","status-publish","hentry"],"acf":[],"yoast_head":"<!-- This site is optimized with the Yoast SEO plugin v26.4 - https:\/\/yoast.com\/wordpress\/plugins\/seo\/ -->\n<title>E-Tehnologija | Changan Balkans<\/title>\n<meta name=\"robots\" content=\"index, follow, max-snippet:-1, max-image-preview:large, max-video-preview:-1\" \/>\n<link rel=\"canonical\" href=\"https:\/\/changan2.mediavistacloud.com\/ba\/e-tehnologija\/\" \/>\n<meta property=\"og:locale\" content=\"en_US\" \/>\n<meta property=\"og:type\" content=\"article\" \/>\n<meta property=\"og:title\" content=\"E-Tehnologija | Changan Balkans\" \/>\n<meta property=\"og:url\" content=\"https:\/\/changan2.mediavistacloud.com\/ba\/e-tehnologija\/\" \/>\n<meta property=\"og:site_name\" content=\"Changan Balkans\" \/>\n<meta property=\"article:modified_time\" content=\"2026-01-13T18:03:50+00:00\" \/>\n<meta property=\"og:image\" content=\"https:\/\/changan2.mediavistacloud.com\/ba\/wp-content\/uploads\/2025\/09\/site-image.jpg\" \/>\n\t<meta property=\"og:image:width\" content=\"1200\" \/>\n\t<meta property=\"og:image:height\" content=\"675\" \/>\n\t<meta property=\"og:image:type\" content=\"image\/jpeg\" \/>\n<meta name=\"twitter:card\" content=\"summary_large_image\" \/>\n<script type=\"application\/ld+json\" class=\"yoast-schema-graph\">{\"@context\":\"https:\/\/schema.org\",\"@graph\":[{\"@type\":\"WebPage\",\"@id\":\"https:\/\/changan2.mediavistacloud.com\/ba\/e-tehnologija\/\",\"url\":\"https:\/\/changan2.mediavistacloud.com\/ba\/e-tehnologija\/\",\"name\":\"E-Tehnologija | Changan Balkans\",\"isPartOf\":{\"@id\":\"https:\/\/changan2.mediavistacloud.com\/ba\/#website\"},\"datePublished\":\"2025-09-23T14:18:32+00:00\",\"dateModified\":\"2026-01-13T18:03:50+00:00\",\"breadcrumb\":{\"@id\":\"https:\/\/changan2.mediavistacloud.com\/ba\/e-tehnologija\/#breadcrumb\"},\"inLanguage\":\"en-US\",\"potentialAction\":[{\"@type\":\"ReadAction\",\"target\":[\"https:\/\/changan2.mediavistacloud.com\/ba\/e-tehnologija\/\"]}]},{\"@type\":\"BreadcrumbList\",\"@id\":\"https:\/\/changan2.mediavistacloud.com\/ba\/e-tehnologija\/#breadcrumb\",\"itemListElement\":[{\"@type\":\"ListItem\",\"position\":1,\"name\":\"Home\",\"item\":\"https:\/\/changan2.mediavistacloud.com\/ba\/\"},{\"@type\":\"ListItem\",\"position\":2,\"name\":\"E-Tehnologija\"}]},{\"@type\":\"WebSite\",\"@id\":\"https:\/\/changan2.mediavistacloud.com\/ba\/#website\",\"url\":\"https:\/\/changan2.mediavistacloud.com\/ba\/\",\"name\":\"Changan Balkan\",\"description\":\"\",\"publisher\":{\"@id\":\"https:\/\/changan2.mediavistacloud.com\/ba\/#organization\"},\"potentialAction\":[{\"@type\":\"SearchAction\",\"target\":{\"@type\":\"EntryPoint\",\"urlTemplate\":\"https:\/\/changan2.mediavistacloud.com\/ba\/?s={search_term_string}\"},\"query-input\":{\"@type\":\"PropertyValueSpecification\",\"valueRequired\":true,\"valueName\":\"search_term_string\"}}],\"inLanguage\":\"en-US\"},{\"@type\":\"Organization\",\"@id\":\"https:\/\/changan2.mediavistacloud.com\/ba\/#organization\",\"name\":\"Changan Balkan\",\"url\":\"https:\/\/changan2.mediavistacloud.com\/ba\/\",\"logo\":{\"@type\":\"ImageObject\",\"inLanguage\":\"en-US\",\"@id\":\"https:\/\/changan2.mediavistacloud.com\/ba\/#\/schema\/logo\/image\/\",\"url\":\"http:\/\/localhost\/changan\/wp-content\/uploads\/2025\/09\/cropped-fav.jpg\",\"contentUrl\":\"http:\/\/localhost\/changan\/wp-content\/uploads\/2025\/09\/cropped-fav.jpg\",\"width\":512,\"height\":512,\"caption\":\"Changan Balkan\"},\"image\":{\"@id\":\"https:\/\/changan2.mediavistacloud.com\/ba\/#\/schema\/logo\/image\/\"}}]}<\/script>\n<!-- \/ Yoast SEO plugin. -->","yoast_head_json":{"title":"E-Tehnologija | Changan Balkans","robots":{"index":"index","follow":"follow","max-snippet":"max-snippet:-1","max-image-preview":"max-image-preview:large","max-video-preview":"max-video-preview:-1"},"canonical":"https:\/\/changan2.mediavistacloud.com\/ba\/e-tehnologija\/","og_locale":"en_US","og_type":"article","og_title":"E-Tehnologija | Changan Balkans","og_url":"https:\/\/changan2.mediavistacloud.com\/ba\/e-tehnologija\/","og_site_name":"Changan Balkans","article_modified_time":"2026-01-13T18:03:50+00:00","og_image":[{"width":1200,"height":675,"url":"https:\/\/changan2.mediavistacloud.com\/ba\/wp-content\/uploads\/2025\/09\/site-image.jpg","type":"image\/jpeg"}],"twitter_card":"summary_large_image","schema":{"@context":"https:\/\/schema.org","@graph":[{"@type":"WebPage","@id":"https:\/\/changan2.mediavistacloud.com\/ba\/e-tehnologija\/","url":"https:\/\/changan2.mediavistacloud.com\/ba\/e-tehnologija\/","name":"E-Tehnologija | Changan Balkans","isPartOf":{"@id":"https:\/\/changan2.mediavistacloud.com\/ba\/#website"},"datePublished":"2025-09-23T14:18:32+00:00","dateModified":"2026-01-13T18:03:50+00:00","breadcrumb":{"@id":"https:\/\/changan2.mediavistacloud.com\/ba\/e-tehnologija\/#breadcrumb"},"inLanguage":"en-US","potentialAction":[{"@type":"ReadAction","target":["https:\/\/changan2.mediavistacloud.com\/ba\/e-tehnologija\/"]}]},{"@type":"BreadcrumbList","@id":"https:\/\/changan2.mediavistacloud.com\/ba\/e-tehnologija\/#breadcrumb","itemListElement":[{"@type":"ListItem","position":1,"name":"Home","item":"https:\/\/changan2.mediavistacloud.com\/ba\/"},{"@type":"ListItem","position":2,"name":"E-Tehnologija"}]},{"@type":"WebSite","@id":"https:\/\/changan2.mediavistacloud.com\/ba\/#website","url":"https:\/\/changan2.mediavistacloud.com\/ba\/","name":"Changan Balkan","description":"","publisher":{"@id":"https:\/\/changan2.mediavistacloud.com\/ba\/#organization"},"potentialAction":[{"@type":"SearchAction","target":{"@type":"EntryPoint","urlTemplate":"https:\/\/changan2.mediavistacloud.com\/ba\/?s={search_term_string}"},"query-input":{"@type":"PropertyValueSpecification","valueRequired":true,"valueName":"search_term_string"}}],"inLanguage":"en-US"},{"@type":"Organization","@id":"https:\/\/changan2.mediavistacloud.com\/ba\/#organization","name":"Changan Balkan","url":"https:\/\/changan2.mediavistacloud.com\/ba\/","logo":{"@type":"ImageObject","inLanguage":"en-US","@id":"https:\/\/changan2.mediavistacloud.com\/ba\/#\/schema\/logo\/image\/","url":"http:\/\/localhost\/changan\/wp-content\/uploads\/2025\/09\/cropped-fav.jpg","contentUrl":"http:\/\/localhost\/changan\/wp-content\/uploads\/2025\/09\/cropped-fav.jpg","width":512,"height":512,"caption":"Changan Balkan"},"image":{"@id":"https:\/\/changan2.mediavistacloud.com\/ba\/#\/schema\/logo\/image\/"}}]}},"_links":{"self":[{"href":"https:\/\/changan2.mediavistacloud.com\/ba\/wp-json\/wp\/v2\/pages\/460","targetHints":{"allow":["GET"]}}],"collection":[{"href":"https:\/\/changan2.mediavistacloud.com\/ba\/wp-json\/wp\/v2\/pages"}],"about":[{"href":"https:\/\/changan2.mediavistacloud.com\/ba\/wp-json\/wp\/v2\/types\/page"}],"author":[{"embeddable":true,"href":"https:\/\/changan2.mediavistacloud.com\/ba\/wp-json\/wp\/v2\/users\/1"}],"replies":[{"embeddable":true,"href":"https:\/\/changan2.mediavistacloud.com\/ba\/wp-json\/wp\/v2\/comments?post=460"}],"version-history":[{"count":25,"href":"https:\/\/changan2.mediavistacloud.com\/ba\/wp-json\/wp\/v2\/pages\/460\/revisions"}],"predecessor-version":[{"id":1208,"href":"https:\/\/changan2.mediavistacloud.com\/ba\/wp-json\/wp\/v2\/pages\/460\/revisions\/1208"}],"wp:attachment":[{"href":"https:\/\/changan2.mediavistacloud.com\/ba\/wp-json\/wp\/v2\/media?parent=460"}],"curies":[{"name":"wp","href":"https:\/\/api.w.org\/{rel}","templated":true}]}}