{"id":674,"date":"2025-09-24T14:16:08","date_gmt":"2025-09-24T12:16:08","guid":{"rendered":"http:\/\/localhost\/changan\/?page_id=674"},"modified":"2025-09-24T14:23:30","modified_gmt":"2025-09-24T12:23:30","slug":"uslovi-koriscenja","status":"publish","type":"page","link":"https:\/\/changan2.mediavistacloud.com\/ba\/uslovi-koriscenja\/","title":{"rendered":"Uslovi kori\u0161\u0107enja"},"content":{"rendered":"\n<section class=\"cover\">\n    <div class=\"c\">\n        \n                    <h1 class=\"h2 fw-regular\">Uslovi kori\u0161\u0107enja<\/h1>\n        \n            <\/div>\n\n    <div class=\"bg\">\n                    <img loading=\"lazy\" decoding=\"async\"  class=\"img-cover\" src=\"https:\/\/changan2.mediavistacloud.com\/ba\/wp-content\/uploads\/2025\/09\/DJI_0600.jpg\" alt=\"\" width=\"1920\" height=\"1438\" \/>\n        \n            <\/div>\n<\/section>\n\n\n<section class=\"text bg--white mt--xs mb--no align--left\">\n    <div class=\"c\">\n        <div class=\"text__ctn text__ctn--small\"\">\n            \n                            <h2 class=\"h2 fw-regular\">Uslovi kori\u0161\u0107enja<\/h2>\n            \n                            <p>Changan Automobile Europe Holding Co., Ltd. (\u201eChangan\u201c, \u201ewe\u201c, \u201eus\u201c ili \u201eour\u201c) koordinira aktivnosti kompanije Changan u Evropi i upravlja ovim vebsajtom. Ovi uslovi kori\u0161\u0107enja (\u201eUslovi kori\u0161\u0107enja\u201c) primenjuju se na kori\u0161\u0107enje ovog web-sajta (\u201eUsluge\u201c).<\/p>\n<p>Kori\u0161\u0107enjem ili pristupanjem bilo kojoj od Usluga, saglasni ste da \u0107ete biti vezani ovim Uslovima kori\u0161\u0107enja. Ovi Uslovi kori\u0161\u0107enja izri\u010dito obuhvataju Politiku privatnosti, kao i sve smernice, pravila, dodatne uslove ili odricanja od odgovornosti koji mogu biti objavljeni i\/ili a\u017eurirani na Uslugama ili putem obave\u0161tenja koja vam mogu biti poslata. Ako se ne sla\u017eete sa ovim Uslovima kori\u0161\u0107enja, molimo vas da ne koristite Usluge.<\/p>\n<p>Trudimo se da informacije koje pru\u017eamo putem ovog sajta budu ta\u010dne i potpune. Ipak, ne mo\u017eemo preuzeti odgovornost za mogu\u0107e gre\u0161ke ili propuste. Sve informacije dostupne su \u201eu vi\u0111enom stanju\u201c i bez ikakvih garancija. Zadr\u017eavamo pravo da u bilo kom trenutku izmenimo, dopunimo ili uklonimo delove sajta. Sve promene stupaju na snagu odmah po objavljivanju na sajtu ili kada vas o njima obavestimo.<\/p>\n<p>Usluge mogu sadr\u017eati linkove ka web-sajtovima ili izvorima tre\u0107ih strana. Ne podr\u017eavamo i ne snosimo odgovornost za sadr\u017eaj, oglase, proizvode ili bilo koji drugi materijal koji je dostupan na tim spoljnim sajtovima ili izvorima. Sve transakcije izme\u0111u vas i tre\u0107ih strana su isklju\u010divo va\u0161a odgovornost, a mi za te interakcije ne odgovaramo.<\/p>\n<p>Izuzimanje odgovornosti Nismo odgovorni za eventualne \u0161tete ni prekr\u0161aje koji mogu nastati usled upotrebe \u2013 ili nemogu\u0107nosti upotrebe \u2013 bilo kog dela ovog sajta ili njegovog sadr\u017eaja.<\/p>\n<p><strong>Autorska prava.<\/strong> Sva prava na sadr\u017eaj ovog sajta pripadaju Changan grupi, osim ako nije druga\u010dije nazna\u010deno. Sav objavljeni materijal \u2014 uklju\u010duju\u0107i tekstove, slike, grafike, animacije i video zapise \u2014 za\u0161ti\u0107en je autorskim pravima i mo\u017ee se koristiti samo u skladu sa zakonom. Zabranjeno je kopiranje, komercijalna upotreba, distribucija ili bilo kakve izmene sadr\u017eaja bez na\u0161e dozvole. Kori\u0161\u0107enjem ovog sajta ne sti\u010dete nikakvu licencu za kori\u0161\u0107enje sadr\u017eaja.<\/p>\n            \n            \n                    <\/div>\n    <\/div>\n<\/section>","protected":false},"excerpt":{"rendered":"","protected":false},"author":1,"featured_media":0,"parent":0,"menu_order":0,"comment_status":"closed","ping_status":"closed","template":"","meta":{"footnotes":""},"class_list":["post-674","page","type-page","status-publish","hentry"],"acf":[],"yoast_head":"<!-- This site is optimized with the Yoast SEO plugin v26.4 - https:\/\/yoast.com\/wordpress\/plugins\/seo\/ -->\n<title>Uslovi kori\u0161\u0107enja | Changan Balkans<\/title>\n<meta name=\"robots\" content=\"index, follow, max-snippet:-1, max-image-preview:large, max-video-preview:-1\" \/>\n<link rel=\"canonical\" href=\"https:\/\/changan2.mediavistacloud.com\/ba\/uslovi-koriscenja\/\" \/>\n<meta property=\"og:locale\" content=\"en_US\" \/>\n<meta property=\"og:type\" content=\"article\" \/>\n<meta property=\"og:title\" content=\"Uslovi kori\u0161\u0107enja | Changan Balkans\" \/>\n<meta property=\"og:url\" content=\"https:\/\/changan2.mediavistacloud.com\/ba\/uslovi-koriscenja\/\" \/>\n<meta property=\"og:site_name\" content=\"Changan Balkans\" \/>\n<meta property=\"article:modified_time\" content=\"2025-09-24T12:23:30+00:00\" \/>\n<meta property=\"og:image\" content=\"https:\/\/changan2.mediavistacloud.com\/ba\/wp-content\/uploads\/2025\/09\/site-image.jpg\" \/>\n\t<meta property=\"og:image:width\" content=\"1200\" \/>\n\t<meta property=\"og:image:height\" content=\"675\" \/>\n\t<meta property=\"og:image:type\" content=\"image\/jpeg\" \/>\n<meta name=\"twitter:card\" content=\"summary_large_image\" \/>\n<script type=\"application\/ld+json\" class=\"yoast-schema-graph\">{\"@context\":\"https:\/\/schema.org\",\"@graph\":[{\"@type\":\"WebPage\",\"@id\":\"https:\/\/changan2.mediavistacloud.com\/ba\/uslovi-koriscenja\/\",\"url\":\"https:\/\/changan2.mediavistacloud.com\/ba\/uslovi-koriscenja\/\",\"name\":\"Uslovi kori\u0161\u0107enja | Changan Balkans\",\"isPartOf\":{\"@id\":\"https:\/\/changan2.mediavistacloud.com\/ba\/#website\"},\"datePublished\":\"2025-09-24T12:16:08+00:00\",\"dateModified\":\"2025-09-24T12:23:30+00:00\",\"breadcrumb\":{\"@id\":\"https:\/\/changan2.mediavistacloud.com\/ba\/uslovi-koriscenja\/#breadcrumb\"},\"inLanguage\":\"en-US\",\"potentialAction\":[{\"@type\":\"ReadAction\",\"target\":[\"https:\/\/changan2.mediavistacloud.com\/ba\/uslovi-koriscenja\/\"]}]},{\"@type\":\"BreadcrumbList\",\"@id\":\"https:\/\/changan2.mediavistacloud.com\/ba\/uslovi-koriscenja\/#breadcrumb\",\"itemListElement\":[{\"@type\":\"ListItem\",\"position\":1,\"name\":\"Home\",\"item\":\"https:\/\/changan2.mediavistacloud.com\/ba\/\"},{\"@type\":\"ListItem\",\"position\":2,\"name\":\"Uslovi kori\u0161\u0107enja\"}]},{\"@type\":\"WebSite\",\"@id\":\"https:\/\/changan2.mediavistacloud.com\/ba\/#website\",\"url\":\"https:\/\/changan2.mediavistacloud.com\/ba\/\",\"name\":\"Changan Balkan\",\"description\":\"\",\"publisher\":{\"@id\":\"https:\/\/changan2.mediavistacloud.com\/ba\/#organization\"},\"potentialAction\":[{\"@type\":\"SearchAction\",\"target\":{\"@type\":\"EntryPoint\",\"urlTemplate\":\"https:\/\/changan2.mediavistacloud.com\/ba\/?s={search_term_string}\"},\"query-input\":{\"@type\":\"PropertyValueSpecification\",\"valueRequired\":true,\"valueName\":\"search_term_string\"}}],\"inLanguage\":\"en-US\"},{\"@type\":\"Organization\",\"@id\":\"https:\/\/changan2.mediavistacloud.com\/ba\/#organization\",\"name\":\"Changan Balkan\",\"url\":\"https:\/\/changan2.mediavistacloud.com\/ba\/\",\"logo\":{\"@type\":\"ImageObject\",\"inLanguage\":\"en-US\",\"@id\":\"https:\/\/changan2.mediavistacloud.com\/ba\/#\/schema\/logo\/image\/\",\"url\":\"http:\/\/localhost\/changan\/wp-content\/uploads\/2025\/09\/cropped-fav.jpg\",\"contentUrl\":\"http:\/\/localhost\/changan\/wp-content\/uploads\/2025\/09\/cropped-fav.jpg\",\"width\":512,\"height\":512,\"caption\":\"Changan Balkan\"},\"image\":{\"@id\":\"https:\/\/changan2.mediavistacloud.com\/ba\/#\/schema\/logo\/image\/\"}}]}<\/script>\n<!-- \/ Yoast SEO plugin. -->","yoast_head_json":{"title":"Uslovi kori\u0161\u0107enja | Changan Balkans","robots":{"index":"index","follow":"follow","max-snippet":"max-snippet:-1","max-image-preview":"max-image-preview:large","max-video-preview":"max-video-preview:-1"},"canonical":"https:\/\/changan2.mediavistacloud.com\/ba\/uslovi-koriscenja\/","og_locale":"en_US","og_type":"article","og_title":"Uslovi kori\u0161\u0107enja | Changan Balkans","og_url":"https:\/\/changan2.mediavistacloud.com\/ba\/uslovi-koriscenja\/","og_site_name":"Changan Balkans","article_modified_time":"2025-09-24T12:23:30+00:00","og_image":[{"width":1200,"height":675,"url":"https:\/\/changan2.mediavistacloud.com\/ba\/wp-content\/uploads\/2025\/09\/site-image.jpg","type":"image\/jpeg"}],"twitter_card":"summary_large_image","schema":{"@context":"https:\/\/schema.org","@graph":[{"@type":"WebPage","@id":"https:\/\/changan2.mediavistacloud.com\/ba\/uslovi-koriscenja\/","url":"https:\/\/changan2.mediavistacloud.com\/ba\/uslovi-koriscenja\/","name":"Uslovi kori\u0161\u0107enja | Changan Balkans","isPartOf":{"@id":"https:\/\/changan2.mediavistacloud.com\/ba\/#website"},"datePublished":"2025-09-24T12:16:08+00:00","dateModified":"2025-09-24T12:23:30+00:00","breadcrumb":{"@id":"https:\/\/changan2.mediavistacloud.com\/ba\/uslovi-koriscenja\/#breadcrumb"},"inLanguage":"en-US","potentialAction":[{"@type":"ReadAction","target":["https:\/\/changan2.mediavistacloud.com\/ba\/uslovi-koriscenja\/"]}]},{"@type":"BreadcrumbList","@id":"https:\/\/changan2.mediavistacloud.com\/ba\/uslovi-koriscenja\/#breadcrumb","itemListElement":[{"@type":"ListItem","position":1,"name":"Home","item":"https:\/\/changan2.mediavistacloud.com\/ba\/"},{"@type":"ListItem","position":2,"name":"Uslovi kori\u0161\u0107enja"}]},{"@type":"WebSite","@id":"https:\/\/changan2.mediavistacloud.com\/ba\/#website","url":"https:\/\/changan2.mediavistacloud.com\/ba\/","name":"Changan Balkan","description":"","publisher":{"@id":"https:\/\/changan2.mediavistacloud.com\/ba\/#organization"},"potentialAction":[{"@type":"SearchAction","target":{"@type":"EntryPoint","urlTemplate":"https:\/\/changan2.mediavistacloud.com\/ba\/?s={search_term_string}"},"query-input":{"@type":"PropertyValueSpecification","valueRequired":true,"valueName":"search_term_string"}}],"inLanguage":"en-US"},{"@type":"Organization","@id":"https:\/\/changan2.mediavistacloud.com\/ba\/#organization","name":"Changan Balkan","url":"https:\/\/changan2.mediavistacloud.com\/ba\/","logo":{"@type":"ImageObject","inLanguage":"en-US","@id":"https:\/\/changan2.mediavistacloud.com\/ba\/#\/schema\/logo\/image\/","url":"http:\/\/localhost\/changan\/wp-content\/uploads\/2025\/09\/cropped-fav.jpg","contentUrl":"http:\/\/localhost\/changan\/wp-content\/uploads\/2025\/09\/cropped-fav.jpg","width":512,"height":512,"caption":"Changan Balkan"},"image":{"@id":"https:\/\/changan2.mediavistacloud.com\/ba\/#\/schema\/logo\/image\/"}}]}},"_links":{"self":[{"href":"https:\/\/changan2.mediavistacloud.com\/ba\/wp-json\/wp\/v2\/pages\/674","targetHints":{"allow":["GET"]}}],"collection":[{"href":"https:\/\/changan2.mediavistacloud.com\/ba\/wp-json\/wp\/v2\/pages"}],"about":[{"href":"https:\/\/changan2.mediavistacloud.com\/ba\/wp-json\/wp\/v2\/types\/page"}],"author":[{"embeddable":true,"href":"https:\/\/changan2.mediavistacloud.com\/ba\/wp-json\/wp\/v2\/users\/1"}],"replies":[{"embeddable":true,"href":"https:\/\/changan2.mediavistacloud.com\/ba\/wp-json\/wp\/v2\/comments?post=674"}],"version-history":[{"count":5,"href":"https:\/\/changan2.mediavistacloud.com\/ba\/wp-json\/wp\/v2\/pages\/674\/revisions"}],"predecessor-version":[{"id":681,"href":"https:\/\/changan2.mediavistacloud.com\/ba\/wp-json\/wp\/v2\/pages\/674\/revisions\/681"}],"wp:attachment":[{"href":"https:\/\/changan2.mediavistacloud.com\/ba\/wp-json\/wp\/v2\/media?parent=674"}],"curies":[{"name":"wp","href":"https:\/\/api.w.org\/{rel}","templated":true}]}}