{"id":694,"date":"2025-09-24T14:47:30","date_gmt":"2025-09-24T12:47:30","guid":{"rendered":"http:\/\/localhost\/changan\/?page_id=694"},"modified":"2025-09-24T14:47:30","modified_gmt":"2025-09-24T12:47:30","slug":"politika-kolacica","status":"publish","type":"page","link":"https:\/\/changan2.mediavistacloud.com\/ba\/politika-kolacica\/","title":{"rendered":"Politika kola\u010di\u0107a"},"content":{"rendered":"\n<section class=\"cover\">\n    <div class=\"c\">\n        \n                    <h1 class=\"h2 fw-regular\">Politika kola\u010di\u0107a<\/h1>\n        \n            <\/div>\n\n    <div class=\"bg\">\n                    <img loading=\"lazy\" decoding=\"async\"  class=\"img-cover\" src=\"https:\/\/changan2.mediavistacloud.com\/ba\/wp-content\/uploads\/2025\/09\/DJI_0600.jpg\" alt=\"\" width=\"1920\" height=\"1438\" \/>\n        \n            <\/div>\n<\/section>\n\n\n<section class=\"text bg--white mt--xs mb--md align--left\">\n    <div class=\"c\">\n        <div class=\"text__ctn text__ctn--small\"\">\n            \n                            <h2 class=\"h2 fw-regular\">Politika kola\u010di\u0107a<\/h2>\n            \n                            <p>Ova veb stranica koristi kola\u010di\u0107e. Kola\u010di\u0107i su mali fajlovi koji se \u010duvaju na va\u0161em ure\u0111aju, kako bi na\u0161a web stranica prepoznala va\u0161 ure\u0111aj prilikom slede\u0107e posete. Kola\u010di\u0107i mogu prikupljati i \u010duvati tehni\u010dke podatke kao \u0161to su va\u0161a IP adresa, identifikacioni broj va\u0161eg ure\u0111aja, informacije o va\u0161em veb pretra\u017eiva\u010du itd. Kola\u010di\u0107i se implementiraju u analiti\u010dke i statisti\u010dke svrhe, kako bi se omogu\u0107ile sve funkcije veb stranice i unapredilo va\u0161e korisni\u010dko iskustvo.<\/p>\n<p><strong>Strogo neophodni kola\u010di\u0107i<\/strong><\/p>\n<p>Strogo neophodni kola\u010di\u0107i omogu\u0107avaju osnovne funkcionalnosti veb sajta, kao \u0161to su prijavljivanje korisnika i upravljanje nalozima. Web sajt se ne mo\u017ee koristiti pravilno bez strogo neophodnih kola\u010di\u0107a.<\/p>\n<p><strong>Performans kola\u010di\u0107i<\/strong><\/p>\n<p>Kola\u010di\u0107i za performanse se koriste da se vidi kako posetioci koriste veb sajt, npr. analiti\u010dki kola\u010di\u0107i. Ti kola\u010di\u0107i se ne mogu koristiti za direktno identifikovanje odre\u0111enog posetioca.<\/p>\n<p><strong>Ciljani kola\u010di\u0107i<\/strong><\/p>\n<p>Ciljani kola\u010di\u0107i koriste se da identifikuju posetioce izme\u0111u razli\u010ditih web sajtova, npr. partnera za sadr\u017eaj, mre\u017ea banera. Ove kola\u010di\u0107e mogu koristiti kompanije da izgrade profil interesa posetilaca ili da prikazuju relevantne oglase na drugim veb sajtovima.<\/p>\n<p><strong>Funkcionalni kola\u010di\u0107i<\/strong><\/p>\n<p>Funkcionalni kola\u010di\u0107i se koriste za pam\u0107enje informacija o posetiocima na web sajtu, npr. jezik, vremenska zona, unapre\u0111eni sadr\u017eaj.<\/p>\n<p>U zavisnosti od pode\u0161avanja va\u0161eg pretra\u017eiva\u010da, mo\u017eete automatski prihvatiti kola\u010di\u0107e. Ako ne \u017eelite da prihvatite kola\u010di\u0107e, mo\u017eete ih obrisati ili ih trajno onemogu\u0107iti na va\u0161em ra\u010dunar i mobilnom telefonu u bilo kojem trenutku, tako \u0161to \u0107ete odabrati odgovaraju\u0107a pode\u0161avanja u va\u0161em veb pretra\u017eiva\u010du. Mo\u017eete prona\u0107i vi\u0161e informacija o kori\u0161\u0107enju kola\u010di\u0107a na veb sajtovima va\u0161eg veb pretra\u017eiva\u010da.<\/p>\n<p><strong>Eksterne veb stranice<\/strong><\/p>\n<p>Ova veb stranica mo\u017ee sadr\u017eati linkove ka drugim veb stranicama ili portalima, gde va\u017ee drugi uslovi i pravila, a za\u0161tita li\u010dnih podataka mo\u017ee biti regulisana na druga\u010diji na\u010din.<\/p>\n            \n            \n                    <\/div>\n    <\/div>\n<\/section>","protected":false},"excerpt":{"rendered":"","protected":false},"author":1,"featured_media":0,"parent":0,"menu_order":0,"comment_status":"closed","ping_status":"closed","template":"","meta":{"footnotes":""},"class_list":["post-694","page","type-page","status-publish","hentry"],"acf":[],"yoast_head":"<!-- This site is optimized with the Yoast SEO plugin v26.4 - https:\/\/yoast.com\/wordpress\/plugins\/seo\/ -->\n<title>Politika kola\u010di\u0107a | Changan Balkans<\/title>\n<meta name=\"robots\" content=\"index, follow, max-snippet:-1, max-image-preview:large, max-video-preview:-1\" \/>\n<link rel=\"canonical\" href=\"https:\/\/changan2.mediavistacloud.com\/ba\/politika-kolacica\/\" \/>\n<meta property=\"og:locale\" content=\"en_US\" \/>\n<meta property=\"og:type\" content=\"article\" \/>\n<meta property=\"og:title\" content=\"Politika kola\u010di\u0107a | Changan Balkans\" \/>\n<meta property=\"og:url\" content=\"https:\/\/changan2.mediavistacloud.com\/ba\/politika-kolacica\/\" \/>\n<meta property=\"og:site_name\" content=\"Changan Balkans\" \/>\n<meta property=\"og:image\" content=\"https:\/\/changan2.mediavistacloud.com\/ba\/wp-content\/uploads\/2025\/09\/site-image.jpg\" \/>\n\t<meta property=\"og:image:width\" content=\"1200\" \/>\n\t<meta property=\"og:image:height\" content=\"675\" \/>\n\t<meta property=\"og:image:type\" content=\"image\/jpeg\" \/>\n<meta name=\"twitter:card\" content=\"summary_large_image\" \/>\n<script type=\"application\/ld+json\" class=\"yoast-schema-graph\">{\"@context\":\"https:\/\/schema.org\",\"@graph\":[{\"@type\":\"WebPage\",\"@id\":\"https:\/\/changan2.mediavistacloud.com\/ba\/politika-kolacica\/\",\"url\":\"https:\/\/changan2.mediavistacloud.com\/ba\/politika-kolacica\/\",\"name\":\"Politika kola\u010di\u0107a | Changan Balkans\",\"isPartOf\":{\"@id\":\"https:\/\/changan2.mediavistacloud.com\/ba\/#website\"},\"datePublished\":\"2025-09-24T12:47:30+00:00\",\"breadcrumb\":{\"@id\":\"https:\/\/changan2.mediavistacloud.com\/ba\/politika-kolacica\/#breadcrumb\"},\"inLanguage\":\"en-US\",\"potentialAction\":[{\"@type\":\"ReadAction\",\"target\":[\"https:\/\/changan2.mediavistacloud.com\/ba\/politika-kolacica\/\"]}]},{\"@type\":\"BreadcrumbList\",\"@id\":\"https:\/\/changan2.mediavistacloud.com\/ba\/politika-kolacica\/#breadcrumb\",\"itemListElement\":[{\"@type\":\"ListItem\",\"position\":1,\"name\":\"Home\",\"item\":\"https:\/\/changan2.mediavistacloud.com\/ba\/\"},{\"@type\":\"ListItem\",\"position\":2,\"name\":\"Politika kola\u010di\u0107a\"}]},{\"@type\":\"WebSite\",\"@id\":\"https:\/\/changan2.mediavistacloud.com\/ba\/#website\",\"url\":\"https:\/\/changan2.mediavistacloud.com\/ba\/\",\"name\":\"Changan Balkan\",\"description\":\"\",\"publisher\":{\"@id\":\"https:\/\/changan2.mediavistacloud.com\/ba\/#organization\"},\"potentialAction\":[{\"@type\":\"SearchAction\",\"target\":{\"@type\":\"EntryPoint\",\"urlTemplate\":\"https:\/\/changan2.mediavistacloud.com\/ba\/?s={search_term_string}\"},\"query-input\":{\"@type\":\"PropertyValueSpecification\",\"valueRequired\":true,\"valueName\":\"search_term_string\"}}],\"inLanguage\":\"en-US\"},{\"@type\":\"Organization\",\"@id\":\"https:\/\/changan2.mediavistacloud.com\/ba\/#organization\",\"name\":\"Changan Balkan\",\"url\":\"https:\/\/changan2.mediavistacloud.com\/ba\/\",\"logo\":{\"@type\":\"ImageObject\",\"inLanguage\":\"en-US\",\"@id\":\"https:\/\/changan2.mediavistacloud.com\/ba\/#\/schema\/logo\/image\/\",\"url\":\"http:\/\/localhost\/changan\/wp-content\/uploads\/2025\/09\/cropped-fav.jpg\",\"contentUrl\":\"http:\/\/localhost\/changan\/wp-content\/uploads\/2025\/09\/cropped-fav.jpg\",\"width\":512,\"height\":512,\"caption\":\"Changan Balkan\"},\"image\":{\"@id\":\"https:\/\/changan2.mediavistacloud.com\/ba\/#\/schema\/logo\/image\/\"}}]}<\/script>\n<!-- \/ Yoast SEO plugin. -->","yoast_head_json":{"title":"Politika kola\u010di\u0107a | Changan Balkans","robots":{"index":"index","follow":"follow","max-snippet":"max-snippet:-1","max-image-preview":"max-image-preview:large","max-video-preview":"max-video-preview:-1"},"canonical":"https:\/\/changan2.mediavistacloud.com\/ba\/politika-kolacica\/","og_locale":"en_US","og_type":"article","og_title":"Politika kola\u010di\u0107a | Changan Balkans","og_url":"https:\/\/changan2.mediavistacloud.com\/ba\/politika-kolacica\/","og_site_name":"Changan Balkans","og_image":[{"width":1200,"height":675,"url":"https:\/\/changan2.mediavistacloud.com\/ba\/wp-content\/uploads\/2025\/09\/site-image.jpg","type":"image\/jpeg"}],"twitter_card":"summary_large_image","schema":{"@context":"https:\/\/schema.org","@graph":[{"@type":"WebPage","@id":"https:\/\/changan2.mediavistacloud.com\/ba\/politika-kolacica\/","url":"https:\/\/changan2.mediavistacloud.com\/ba\/politika-kolacica\/","name":"Politika kola\u010di\u0107a | Changan Balkans","isPartOf":{"@id":"https:\/\/changan2.mediavistacloud.com\/ba\/#website"},"datePublished":"2025-09-24T12:47:30+00:00","breadcrumb":{"@id":"https:\/\/changan2.mediavistacloud.com\/ba\/politika-kolacica\/#breadcrumb"},"inLanguage":"en-US","potentialAction":[{"@type":"ReadAction","target":["https:\/\/changan2.mediavistacloud.com\/ba\/politika-kolacica\/"]}]},{"@type":"BreadcrumbList","@id":"https:\/\/changan2.mediavistacloud.com\/ba\/politika-kolacica\/#breadcrumb","itemListElement":[{"@type":"ListItem","position":1,"name":"Home","item":"https:\/\/changan2.mediavistacloud.com\/ba\/"},{"@type":"ListItem","position":2,"name":"Politika kola\u010di\u0107a"}]},{"@type":"WebSite","@id":"https:\/\/changan2.mediavistacloud.com\/ba\/#website","url":"https:\/\/changan2.mediavistacloud.com\/ba\/","name":"Changan Balkan","description":"","publisher":{"@id":"https:\/\/changan2.mediavistacloud.com\/ba\/#organization"},"potentialAction":[{"@type":"SearchAction","target":{"@type":"EntryPoint","urlTemplate":"https:\/\/changan2.mediavistacloud.com\/ba\/?s={search_term_string}"},"query-input":{"@type":"PropertyValueSpecification","valueRequired":true,"valueName":"search_term_string"}}],"inLanguage":"en-US"},{"@type":"Organization","@id":"https:\/\/changan2.mediavistacloud.com\/ba\/#organization","name":"Changan Balkan","url":"https:\/\/changan2.mediavistacloud.com\/ba\/","logo":{"@type":"ImageObject","inLanguage":"en-US","@id":"https:\/\/changan2.mediavistacloud.com\/ba\/#\/schema\/logo\/image\/","url":"http:\/\/localhost\/changan\/wp-content\/uploads\/2025\/09\/cropped-fav.jpg","contentUrl":"http:\/\/localhost\/changan\/wp-content\/uploads\/2025\/09\/cropped-fav.jpg","width":512,"height":512,"caption":"Changan Balkan"},"image":{"@id":"https:\/\/changan2.mediavistacloud.com\/ba\/#\/schema\/logo\/image\/"}}]}},"_links":{"self":[{"href":"https:\/\/changan2.mediavistacloud.com\/ba\/wp-json\/wp\/v2\/pages\/694","targetHints":{"allow":["GET"]}}],"collection":[{"href":"https:\/\/changan2.mediavistacloud.com\/ba\/wp-json\/wp\/v2\/pages"}],"about":[{"href":"https:\/\/changan2.mediavistacloud.com\/ba\/wp-json\/wp\/v2\/types\/page"}],"author":[{"embeddable":true,"href":"https:\/\/changan2.mediavistacloud.com\/ba\/wp-json\/wp\/v2\/users\/1"}],"replies":[{"embeddable":true,"href":"https:\/\/changan2.mediavistacloud.com\/ba\/wp-json\/wp\/v2\/comments?post=694"}],"version-history":[{"count":1,"href":"https:\/\/changan2.mediavistacloud.com\/ba\/wp-json\/wp\/v2\/pages\/694\/revisions"}],"predecessor-version":[{"id":695,"href":"https:\/\/changan2.mediavistacloud.com\/ba\/wp-json\/wp\/v2\/pages\/694\/revisions\/695"}],"wp:attachment":[{"href":"https:\/\/changan2.mediavistacloud.com\/ba\/wp-json\/wp\/v2\/media?parent=694"}],"curies":[{"name":"wp","href":"https:\/\/api.w.org\/{rel}","templated":true}]}}