{"id":617,"date":"2025-09-24T12:54:56","date_gmt":"2025-09-24T10:54:56","guid":{"rendered":"http:\/\/localhost\/changan\/?page_id=617"},"modified":"2025-09-30T15:14:14","modified_gmt":"2025-09-30T13:14:14","slug":"o-nama","status":"publish","type":"page","link":"https:\/\/changan2.mediavistacloud.com\/rs\/o-nama\/","title":{"rendered":"O nama"},"content":{"rendered":"\n<section class=\"cover\">\n    <div class=\"c\">\n        \n                    <h1 class=\"h2 fw-regular\">O nama<\/h1>\n        \n            <\/div>\n\n    <div class=\"bg\">\n                    <img loading=\"lazy\" decoding=\"async\"  class=\"img-cover\" src=\"https:\/\/changan2.mediavistacloud.com\/rs\/wp-content\/uploads\/2025\/09\/about-us-hero_shadow.jpg\" alt=\"\" width=\"1920\" height=\"480\" \/>\n        \n            <\/div>\n<\/section>\n\n\n<section class=\"text bg--white mt--md mb--md align--center\">\n    <div class=\"c\">\n        <div class=\"text__ctn text__ctn--small\"\">\n            \n                            <h2 class=\"h3 fw-light\">CHANGAN <strong>Delimo budu\u0107nost<\/strong><\/h2>\n            \n            \n            \n                    <\/div>\n    <\/div>\n<\/section>\n\n\n<section class=\"timeline\">\n    <div class=\"c\">\n                    <div class=\"timeline__line\"><\/div>\n\n            <div class=\"timeline__cards\">\n                                    <div class=\"timeline__item\">\n                                                <div class=\"timeline__item__date\">\n                            <span class=\"h2\">1984.<\/span>\n                        <\/div>\n                        \n                        <div class=\"timeline__item__card\">\n                                                            <div class=\"image\">\n                                    <img loading=\"lazy\" decoding=\"async\" src=\"https:\/\/changan2.mediavistacloud.com\/rs\/wp-content\/uploads\/2025\/09\/40-years-first-stage.jpg\" alt=\"\" width=\"1600\" height=\"900\">\n                                <\/div>\n                            \n                                                            <div class=\"content\">\n                                    <p>Prva serija mikrokola si\u0161la je s proizvodne trake, ozna\u010davaju\u0107i zvani\u010dni po\u010detak <strong>nove ere.<\/strong><\/p>\n                                <\/div>\n                                                    <\/div>\n                    <\/div>\n                                    <div class=\"timeline__item\">\n                                                <div class=\"timeline__item__date\">\n                            <span class=\"h2\">2003.<\/span>\n                        <\/div>\n                        \n                        <div class=\"timeline__item__card\">\n                                                            <div class=\"image\">\n                                    <img loading=\"lazy\" decoding=\"async\" src=\"https:\/\/changan2.mediavistacloud.com\/rs\/wp-content\/uploads\/2025\/09\/Italian-Design-Center-2000.jpeg\" alt=\"\" width=\"1600\" height=\"900\">\n                                <\/div>\n                            \n                                                            <div class=\"content\">\n                                    <p>Changan je osnovao <strong>centar za dizajn<\/strong> u Torinu, Italija.<\/p>\n                                <\/div>\n                                                    <\/div>\n                    <\/div>\n                                    <div class=\"timeline__item\">\n                                                <div class=\"timeline__item__date\">\n                            <span class=\"h2\">2005.<\/span>\n                        <\/div>\n                        \n                        <div class=\"timeline__item__card\">\n                                                            <div class=\"image\">\n                                    <img loading=\"lazy\" decoding=\"async\" src=\"https:\/\/changan2.mediavistacloud.com\/rs\/wp-content\/uploads\/2025\/09\/Changan-Ford.jpg\" alt=\"\" width=\"1600\" height=\"900\">\n                                <\/div>\n                            \n                                                            <div class=\"content\">\n                                    <p>Changan je uspostavio <strong>strate\u0161ka partnerstva<\/strong> sa svetski poznatim brendovima kao \u0161to su Ford i Mazda.<\/p>\n                                <\/div>\n                                                    <\/div>\n                    <\/div>\n                                    <div class=\"timeline__item\">\n                                                <div class=\"timeline__item__date\">\n                            <span class=\"h2\">2010.<\/span>\n                        <\/div>\n                        \n                        <div class=\"timeline__item__card\">\n                                                            <div class=\"image\">\n                                    <img loading=\"lazy\" decoding=\"async\" src=\"https:\/\/changan2.mediavistacloud.com\/rs\/wp-content\/uploads\/2025\/09\/CAUK-Nottingham-1.jpeg\" alt=\"\" width=\"1600\" height=\"900\">\n                                <\/div>\n                            \n                                                            <div class=\"content\">\n                                    <p><strong>Centar za istra\u017eivanje i razvoj<\/strong> kompanije Changan Automobile u Velikoj Britaniji osnovan je u Notingemu, a kasnije preseljen u Birmingem.<\/p>\n                                <\/div>\n                                                    <\/div>\n                    <\/div>\n                                    <div class=\"timeline__item\">\n                                                <div class=\"timeline__item__date\">\n                            <span class=\"h2\">2018.<\/span>\n                        <\/div>\n                        \n                        <div class=\"timeline__item__card\">\n                                                            <div class=\"image\">\n                                    <img loading=\"lazy\" decoding=\"async\" src=\"https:\/\/changan2.mediavistacloud.com\/rs\/wp-content\/uploads\/2025\/09\/2018-Changan-crop1.jpg\" alt=\"\" width=\"1600\" height=\"900\">\n                                <\/div>\n                            \n                                                            <div class=\"content\">\n                                    <p>Broj korisnika Changan brenda dostigao je <strong>17 miliona.<\/strong><\/p>\n                                <\/div>\n                                                    <\/div>\n                    <\/div>\n                                    <div class=\"timeline__item\">\n                                                <div class=\"timeline__item__date\">\n                            <span class=\"h2\">2024.<\/span>\n                        <\/div>\n                        \n                        <div class=\"timeline__item__card\">\n                                                            <div class=\"image\">\n                                    <img loading=\"lazy\" decoding=\"async\" src=\"https:\/\/changan2.mediavistacloud.com\/rs\/wp-content\/uploads\/2025\/09\/vast-ocean-img1.jpg\" alt=\"\" width=\"1600\" height=\"900\">\n                                <\/div>\n                            \n                                                            <div class=\"content\">\n                                    <p><strong>Changan Automobile Deutschland GmbH,<\/strong> nema\u010dka filijala kompanije Changan Automobile, zvani\u010dno je registrovana u Minhenu.<\/p>\n                                <\/div>\n                                                    <\/div>\n                    <\/div>\n                            <\/div>\n\n            <\/div>\n<\/section>\n\n\n<section class=\"sideline-text bg--white mt--lg mb--no align--left\">\n    <div class=\"c c--left\">\n        <div class=\"sideline-text__image image-left\">\n                            <img loading=\"lazy\" decoding=\"async\" class=\"img-cover\" src=\"https:\/\/changan2.mediavistacloud.com\/rs\/wp-content\/uploads\/2025\/09\/desktop-map2.webp\" alt=\"\" width=\"1440\" height=\"1080\" \/>\n                    <\/div>\n        <div class=\"sideline-text__ctn sideline-text__ctn--\"\">\n                            <p class=\"subtitle descriptive-text-1 fw-light\">Inovacije na globalnom nivou<\/p>\n            \n                            <h2 class=\"h4 fw-regular\">Na\u0161a sna\u017ena globalna mre\u017ea za istra\u017eivanje i razvoj (R&#038;D) i proizvodnju<\/h2>\n            \n                            <p>CHANGAN Automobile okuplja preko 18.000 in\u017eenjera i tehni\u010dara iz 31 zemlje \u0161irom sveta, sa uspostavljenom mre\u017eom R&amp;D centara u deset gradova i \u0161est zemalja: \u010congking, Peking, \u0160angaj, Dingd\u017eou u Hebeju, Hefei u Anhuiju, Torino u Italiji, Jokohama u Japanu, Birmingham u Velikoj Britaniji, Detroit u SAD i Minhen u Nema\u010dkoj. Imamo profesionalne procese istra\u017eivanja i razvoja, kao i sistem testiranja i verifikacije. Na\u0161a \u0161iroka globalna mre\u017ea obuhvata 79 filijala, 14 proizvodnih baza i 9.000 prodajnih mesta, omogu\u0107avaju\u0107i opse\u017enu mre\u017eu korisni\u010dke podr\u0161ke sa skoro 120.000 zaposlenih u 77 zemalja.<\/p>\n            \n                    <\/div>\n    <\/div>\n<\/section>\n\n\n<section class=\"text bg--white mt--md mb--md align--center\">\n    <div class=\"c\">\n        <div class=\"text__ctn text__ctn--small\"\">\n            \n                            <h2 class=\"h3 fw-regular\">Posve\u0107enost kvalitetu<\/h2>\n            \n                            <p>Changan Automobile je posve\u0107en isporuci proizvoda najvi\u0161eg kvaliteta i dugotrajnosti, \u0161to potvr\u0111uju priznanja iz industrije i strogi standardi testiranja.<\/p>\n            \n            \n                    <\/div>\n    <\/div>\n<\/section>\n\n\n<section class=\"features mt--no mb--no content-position--bottom\">\n    <div class=\"c\">    \n                    <div class=\"features__list align--left\">\n                                    <div class=\"feature\">\n                        \n                                                     <h3 class=\"h5 fw-bold\">Kvalitet koji osvaja priznanja<\/h3>\n                        \n                                                    <p>Changan je dve godine zaredom rangiran kao broj 1 me\u0111u kineskim brendovima u J.D. Power China Initial Quality Study (IQS), dosledno ispunjavaju\u0107i najvi\u0161e standarde kvaliteta.<\/p>\n                                            <\/div>\n                                    <div class=\"feature\">\n                        \n                                                     <h3 class=\"h5 fw-bold\">Stvoreni da traju<\/h3>\n                        \n                                                    <p>Vozila Changan konstruisana ispunjavaju\u0107i stroge standarde dugotrajnosti i pouzdanih performansi.<\/p>\n                                            <\/div>\n                                    <div class=\"feature\">\n                        \n                                                     <h3 class=\"h5 fw-bold\">Sveobuhvatno testiranje<\/h3>\n                        \n                                                    <p>Svaki novi model prolazi kroz vi\u0161e od 5 miliona kilometara test vo\u017enje i preko 12.400 rigoroznih testova kako bi se osigurale pouzdane performanse u najrazli\u010ditijim uslovima.<\/p>\n                                            <\/div>\n                            <\/div>  \n            <\/div>\n\n    <div class=\"bg\">\n\n                    <img loading=\"lazy\" decoding=\"async\" class=\"img-cover\" src=\"https:\/\/changan2.mediavistacloud.com\/rs\/wp-content\/uploads\/2025\/09\/5-about-final_Deepal.jpg\" alt=\"\" width=\"1905\" height=\"1072\" style=\"object-position: center center;\" \/>\n        \n            <\/div>\n<\/section>\n\n\n<section class=\"rows mt--lg mb--no\">\n    <div class=\"c\">\n                <div class=\"rows__list\">\n                            <div class=\"row row--right\">\n                    <div class=\"row__image\">\n                                                    <img loading=\"lazy\" decoding=\"async\" class=\"img-cover\" src=\"https:\/\/changan2.mediavistacloud.com\/rs\/wp-content\/uploads\/2025\/09\/DSC00481.webp\" alt=\"\" width=\"1440\" height=\"810\">\n                                            <\/div>\n\n                    <div class=\"row__ctn bg--white\">\n                                                    <p class=\"subtitle descriptive-text-1 fw-light\">Oblikujemo budu\u0107nost mobilnosti<\/p>\n                        \n                                                    <h3 class=\"h3 fw-regular\">Inoviramo, inspiri\u0161emo i pokre\u0107emo bolje sutra<\/h3>\n                        \n                                                    <div class=\"description\"><p>Na\u0161a misija je da predvodimo automobilsku civilizaciju ka boljem \u017eivotu. Vizija nam je da Changan postane brend svetske klase, koji postavlja nove standarde u pogledu kvaliteta i inovacija.<\/p>\n<p>Na\u0161e vrednosti nas usmeravaju da budemo usredsre\u0111eni na kupca, vo\u0111eni proizvodom, posve\u0107eni zaposlenima, uskla\u0111eni s vrednostima i orijentisani na efikasnost. Posve\u0107eni smo isporuci inteligentnih i za budu\u0107nost spremnih automobilskih re\u0161enja.<\/p>\n<\/div>\n                        \n                                            <\/div>\n                <\/div>\n                    <\/div>\n            <\/div>\n<\/section>","protected":false},"excerpt":{"rendered":"","protected":false},"author":1,"featured_media":0,"parent":0,"menu_order":0,"comment_status":"closed","ping_status":"closed","template":"","meta":{"footnotes":""},"class_list":["post-617","page","type-page","status-publish","hentry"],"acf":[],"yoast_head":"<!-- This site is optimized with the Yoast SEO plugin v26.4 - https:\/\/yoast.com\/wordpress\/plugins\/seo\/ -->\n<title>O nama | Changan Balkans<\/title>\n<meta name=\"robots\" content=\"index, follow, max-snippet:-1, max-image-preview:large, max-video-preview:-1\" \/>\n<link rel=\"canonical\" href=\"https:\/\/changan2.mediavistacloud.com\/rs\/o-nama\/\" \/>\n<meta property=\"og:locale\" content=\"en_US\" \/>\n<meta property=\"og:type\" content=\"article\" \/>\n<meta property=\"og:title\" content=\"O nama | Changan Balkans\" \/>\n<meta property=\"og:url\" content=\"https:\/\/changan2.mediavistacloud.com\/rs\/o-nama\/\" \/>\n<meta property=\"og:site_name\" content=\"Changan Balkans\" \/>\n<meta property=\"article:modified_time\" content=\"2025-09-30T13:14:14+00:00\" \/>\n<meta property=\"og:image\" content=\"https:\/\/changan2.mediavistacloud.com\/rs\/wp-content\/uploads\/2025\/09\/site-image.jpg\" \/>\n\t<meta property=\"og:image:width\" content=\"1200\" \/>\n\t<meta property=\"og:image:height\" content=\"675\" \/>\n\t<meta property=\"og:image:type\" content=\"image\/jpeg\" \/>\n<meta name=\"twitter:card\" content=\"summary_large_image\" \/>\n<script type=\"application\/ld+json\" class=\"yoast-schema-graph\">{\"@context\":\"https:\/\/schema.org\",\"@graph\":[{\"@type\":\"WebPage\",\"@id\":\"https:\/\/changan2.mediavistacloud.com\/rs\/o-nama\/\",\"url\":\"https:\/\/changan2.mediavistacloud.com\/rs\/o-nama\/\",\"name\":\"O nama | Changan Balkans\",\"isPartOf\":{\"@id\":\"https:\/\/changan2.mediavistacloud.com\/rs\/#website\"},\"datePublished\":\"2025-09-24T10:54:56+00:00\",\"dateModified\":\"2025-09-30T13:14:14+00:00\",\"breadcrumb\":{\"@id\":\"https:\/\/changan2.mediavistacloud.com\/rs\/o-nama\/#breadcrumb\"},\"inLanguage\":\"en-US\",\"potentialAction\":[{\"@type\":\"ReadAction\",\"target\":[\"https:\/\/changan2.mediavistacloud.com\/rs\/o-nama\/\"]}]},{\"@type\":\"BreadcrumbList\",\"@id\":\"https:\/\/changan2.mediavistacloud.com\/rs\/o-nama\/#breadcrumb\",\"itemListElement\":[{\"@type\":\"ListItem\",\"position\":1,\"name\":\"Home\",\"item\":\"https:\/\/changan2.mediavistacloud.com\/rs\/\"},{\"@type\":\"ListItem\",\"position\":2,\"name\":\"O nama\"}]},{\"@type\":\"WebSite\",\"@id\":\"https:\/\/changan2.mediavistacloud.com\/rs\/#website\",\"url\":\"https:\/\/changan2.mediavistacloud.com\/rs\/\",\"name\":\"Changan Balkan\",\"description\":\"\",\"publisher\":{\"@id\":\"https:\/\/changan2.mediavistacloud.com\/rs\/#organization\"},\"potentialAction\":[{\"@type\":\"SearchAction\",\"target\":{\"@type\":\"EntryPoint\",\"urlTemplate\":\"https:\/\/changan2.mediavistacloud.com\/rs\/?s={search_term_string}\"},\"query-input\":{\"@type\":\"PropertyValueSpecification\",\"valueRequired\":true,\"valueName\":\"search_term_string\"}}],\"inLanguage\":\"en-US\"},{\"@type\":\"Organization\",\"@id\":\"https:\/\/changan2.mediavistacloud.com\/rs\/#organization\",\"name\":\"Changan Balkan\",\"url\":\"https:\/\/changan2.mediavistacloud.com\/rs\/\",\"logo\":{\"@type\":\"ImageObject\",\"inLanguage\":\"en-US\",\"@id\":\"https:\/\/changan2.mediavistacloud.com\/rs\/#\/schema\/logo\/image\/\",\"url\":\"http:\/\/localhost\/changan\/wp-content\/uploads\/2025\/09\/cropped-fav.jpg\",\"contentUrl\":\"http:\/\/localhost\/changan\/wp-content\/uploads\/2025\/09\/cropped-fav.jpg\",\"width\":512,\"height\":512,\"caption\":\"Changan Balkan\"},\"image\":{\"@id\":\"https:\/\/changan2.mediavistacloud.com\/rs\/#\/schema\/logo\/image\/\"}}]}<\/script>\n<!-- \/ Yoast SEO plugin. -->","yoast_head_json":{"title":"O nama | Changan Balkans","robots":{"index":"index","follow":"follow","max-snippet":"max-snippet:-1","max-image-preview":"max-image-preview:large","max-video-preview":"max-video-preview:-1"},"canonical":"https:\/\/changan2.mediavistacloud.com\/rs\/o-nama\/","og_locale":"en_US","og_type":"article","og_title":"O nama | Changan Balkans","og_url":"https:\/\/changan2.mediavistacloud.com\/rs\/o-nama\/","og_site_name":"Changan Balkans","article_modified_time":"2025-09-30T13:14:14+00:00","og_image":[{"width":1200,"height":675,"url":"https:\/\/changan2.mediavistacloud.com\/rs\/wp-content\/uploads\/2025\/09\/site-image.jpg","type":"image\/jpeg"}],"twitter_card":"summary_large_image","schema":{"@context":"https:\/\/schema.org","@graph":[{"@type":"WebPage","@id":"https:\/\/changan2.mediavistacloud.com\/rs\/o-nama\/","url":"https:\/\/changan2.mediavistacloud.com\/rs\/o-nama\/","name":"O nama | Changan Balkans","isPartOf":{"@id":"https:\/\/changan2.mediavistacloud.com\/rs\/#website"},"datePublished":"2025-09-24T10:54:56+00:00","dateModified":"2025-09-30T13:14:14+00:00","breadcrumb":{"@id":"https:\/\/changan2.mediavistacloud.com\/rs\/o-nama\/#breadcrumb"},"inLanguage":"en-US","potentialAction":[{"@type":"ReadAction","target":["https:\/\/changan2.mediavistacloud.com\/rs\/o-nama\/"]}]},{"@type":"BreadcrumbList","@id":"https:\/\/changan2.mediavistacloud.com\/rs\/o-nama\/#breadcrumb","itemListElement":[{"@type":"ListItem","position":1,"name":"Home","item":"https:\/\/changan2.mediavistacloud.com\/rs\/"},{"@type":"ListItem","position":2,"name":"O nama"}]},{"@type":"WebSite","@id":"https:\/\/changan2.mediavistacloud.com\/rs\/#website","url":"https:\/\/changan2.mediavistacloud.com\/rs\/","name":"Changan Balkan","description":"","publisher":{"@id":"https:\/\/changan2.mediavistacloud.com\/rs\/#organization"},"potentialAction":[{"@type":"SearchAction","target":{"@type":"EntryPoint","urlTemplate":"https:\/\/changan2.mediavistacloud.com\/rs\/?s={search_term_string}"},"query-input":{"@type":"PropertyValueSpecification","valueRequired":true,"valueName":"search_term_string"}}],"inLanguage":"en-US"},{"@type":"Organization","@id":"https:\/\/changan2.mediavistacloud.com\/rs\/#organization","name":"Changan Balkan","url":"https:\/\/changan2.mediavistacloud.com\/rs\/","logo":{"@type":"ImageObject","inLanguage":"en-US","@id":"https:\/\/changan2.mediavistacloud.com\/rs\/#\/schema\/logo\/image\/","url":"http:\/\/localhost\/changan\/wp-content\/uploads\/2025\/09\/cropped-fav.jpg","contentUrl":"http:\/\/localhost\/changan\/wp-content\/uploads\/2025\/09\/cropped-fav.jpg","width":512,"height":512,"caption":"Changan Balkan"},"image":{"@id":"https:\/\/changan2.mediavistacloud.com\/rs\/#\/schema\/logo\/image\/"}}]}},"_links":{"self":[{"href":"https:\/\/changan2.mediavistacloud.com\/rs\/wp-json\/wp\/v2\/pages\/617","targetHints":{"allow":["GET"]}}],"collection":[{"href":"https:\/\/changan2.mediavistacloud.com\/rs\/wp-json\/wp\/v2\/pages"}],"about":[{"href":"https:\/\/changan2.mediavistacloud.com\/rs\/wp-json\/wp\/v2\/types\/page"}],"author":[{"embeddable":true,"href":"https:\/\/changan2.mediavistacloud.com\/rs\/wp-json\/wp\/v2\/users\/1"}],"replies":[{"embeddable":true,"href":"https:\/\/changan2.mediavistacloud.com\/rs\/wp-json\/wp\/v2\/comments?post=617"}],"version-history":[{"count":17,"href":"https:\/\/changan2.mediavistacloud.com\/rs\/wp-json\/wp\/v2\/pages\/617\/revisions"}],"predecessor-version":[{"id":972,"href":"https:\/\/changan2.mediavistacloud.com\/rs\/wp-json\/wp\/v2\/pages\/617\/revisions\/972"}],"wp:attachment":[{"href":"https:\/\/changan2.mediavistacloud.com\/rs\/wp-json\/wp\/v2\/media?parent=617"}],"curies":[{"name":"wp","href":"https:\/\/api.w.org\/{rel}","templated":true}]}}