{"id":682,"date":"2025-09-24T14:25:37","date_gmt":"2025-09-24T12:25:37","guid":{"rendered":"http:\/\/localhost\/changan\/?page_id=682"},"modified":"2025-09-26T14:35:03","modified_gmt":"2025-09-26T12:35:03","slug":"politika-privatnosti","status":"publish","type":"page","link":"https:\/\/changan2.mediavistacloud.com\/rs\/politika-privatnosti\/","title":{"rendered":"Politika privatnosti"},"content":{"rendered":"\n<section class=\"cover\">\n    <div class=\"c\">\n        \n                    <h1 class=\"h2 fw-regular\">Politika privatnosti<\/h1>\n        \n            <\/div>\n\n    <div class=\"bg\">\n                    <img loading=\"lazy\" decoding=\"async\"  class=\"img-cover\" src=\"https:\/\/changan2.mediavistacloud.com\/rs\/wp-content\/uploads\/2025\/09\/DJI_0600.jpg\" alt=\"\" width=\"1920\" height=\"1438\" \/>\n        \n            <\/div>\n<\/section>\n\n\n<section class=\"text bg--white mt--xs mb--md align--left\">\n    <div class=\"c\">\n        <div class=\"text__ctn text__ctn--small\"\">\n            \n                            <h2 class=\"h2 fw-regular\">Politika privatnosti<\/h2>\n            \n                            <p><strong>OBAVE\u0160TENJE O OBRADI PODATAKA O LI\u010cNOSTI I SAGLASNOST ZA OBRADU<\/strong><\/p>\n<p>Gore-navedeni podaci o li\u010dnosti koje je dostavilo fizi\u010dko lice (\u201ePodaci\u201c) obra\u0111iva\u0107e se od strane privrednog dru\u0161tva CROSSROAD ASIA DOO, Bulevar Milutina Milankovi\u0107a 23 i\/ili njegovog ovla\u0161\u0107enog dilera (\u201eDru\u0161tvo\u201c), kao prodavca od kojeg je fizi\u010dko lice kupilo automobil ili dobilo uslugu u delu postprodaje (servisiranje, poravka, promet rezervnih delova i sl), u svojstvu rukovaoca podataka, i to radi zaklju\u010denja ugovora izme\u0111u fizi\u010dkog lica i Dru\u0161tva, odnosno radi pru\u017eanja zatra\u017eene usluge (\u201eUsluga\u201c) i\/ili radi slanja marketin\u0161kih informacija o proizvodima, uslugama i aktivnostima Dru\u0161tva, uklju\u010duju\u0107i i o prodajnim podsticajima, kao i radi anketiranja za potrebe ispitivanja zadovoljstva kupaca (\u201eMarketing&#8221;). Obrada Podataka mo\u0107i \u0107e da se sprovede na papiru, u automatizovanom ili elektronskom obliku. Pravni osnov obrade Podataka je izvr\u0161enje ugovora zaklju\u010denog izme\u0111u fizi\u010dkog lica i Dru\u0161tva i\/ili po\u0161tovanje pravnih obaveza Dru\u0161tva i\/ili ostvarivanje legitimnog interesa Dru\u0161tva i\/ili, kada je u pitanju obrada u svrhe Marketinga, saglasnost koja se mo\u017ee dati potpisivanjem ovog dokumenta na dole-ozna\u010denom mestu. Saglasnost nije potrebna za obradu Podataka u gore-navedenu svrhu zaklju\u010denja ugovora, odnosno pru\u017eanja Usluge.<\/p>\n<p>Davanje podataka je dobrovoljno. Me\u0111utim, nedavanje podataka koji su neophodni za ostvarenje gore-navedene svrhe\/-a obrade ima\u0107e za posledicu nemogu\u0107nost njenog\/njihovog ostvarenja. Pored Dru\u0161tva, Podatke \u0107e mo\u0107i da obra\u0111uju, radi ostvarenja gore-navedenih svrha obrade, i njegova povezana dru\u0161tva i\/ili dileri i\/ili drugi poslovni partneri, kao i ugovorno anga\u017eovana lica (tzv. obra\u0111iva\u010di podataka) koja \u0107e Podatke mo\u0107i da obra\u0111uju isklju\u010divo u ime Dru\u0161tva i u skladu sa njegovim instrukcijama, sa sedi\u0161tem u Republici Srbiji ili van nje. Podaci \u0107e mo\u0107i da se saop\u0161tavaju i tre\u0107im licima, odnosno nadle\u017enim dr\u017eavnim organima radi ispunjenja zakonskih obaveza Dru\u0161tva. Ukoliko se Podaci budu slali van Republike Srbije, to \u0107e uvek biti u skladu sa uslovima predvi\u0111enim Zakonom o za\u0161titi podataka o li\u010dnosti Republike Srbije (\u201eSl. glasnik RS\u201c, br. 87\/2018) (\u201eZakon\u201c). Ukoliko bi se Podaci prosle\u0111ivali u neku od dr\u017eava koje ne obezbe\u0111uju primereni nivo za\u0161tite podataka o li\u010dnosti, Dru\u0161tvo \u0107e u skladu sa Zakonom ispuniti sve relevantne uslove i preduzeti sve mere potrebne kako bi se obezbedile odgovaraju\u0107e garancije u pogledu obrade Podataka i primereni nivo njihove za\u0161tite. Za vi\u0161e detalja o primenjenim merama, fizi\u010dko lice mo\u017ee da se obrati Dru\u0161tvu putem e-maila <a href=\"mailto:office@crossroadasia.rs\">office@crossroadasia.rs<\/a> ili slanjem dopisa na adresu Dru\u0161tva.<\/p>\n<p>Podatke \u0107e Dru\u0161tvo \u010duvati onoliko vremena koliko je potrebno za ostvarenje gore-navedenih svrha obrade ili i u du\u017eem periodu da bi se omogu\u0107ilo dalje postupanje u pogledu eventualnih \u017ealbi koje se odnose na pru\u017eanje Usluge ili trajno ukoliko je takva obaveza predvi\u0111ena zakonom ili, ukoliko je saglasnost pravni osnov obrade, onoliko vremena koliko takva saglasnost postoji.<\/p>\n<p>U skladu sa Zakonom predvi\u0111enim uslovima, fizi\u010dkom licu pripadaju odre\u0111ena prava u vezi sa obradom njegovih\/njenih Podataka, i to: 1) pravo na pristup tim Podacima, kao i pravo da se od Dru\u0161tva zatra\u017ee informacije o njihovoj obradi i da se tra\u017ei njihova kopija; 2) pravo na njihovu ispravku, dopunu i brisanje; 3) pravo na ograni\u010denje njihove obrade, na prigovor protiv njihove obrade (ako se vr\u0161i na osnovu legitimnog interesa) i pravo na prekid njihove obrade; 4) ukoliko je primenjivo, pravo na prijem ili preno\u0161enje Podataka u elektronski \u010ditljivom obliku, i pravo da se na njega\/nju ne primenjuje odluka doneta isklju\u010divo na osnovu automatizovane obrade. Ukoliko je saglasnost pravni osnov obrade Podataka, ona se mo\u017ee povu\u0107i u svakom trenutku, i to kontaktiranjem Dru\u0161tva putem e-maila <a href=\"mailto:office@crossroadasia.rs\">office@crossroadasia.rs<\/a> ili slanjem dopisa na adresu Dru\u0161tva. Povla\u010denje saglasnosti ne uti\u010de na zakonitost obrade koja je vr\u0161ena pre tog povla\u010denja.<\/p>\n<p>Dru\u0161tvo je obavezno da obezbedi da se gore-navedena prava po\u0161tuju i da se omogu\u0107i njihovo ostvarivanje u Zakonom predvi\u0111enim rokovima. U slu\u010daju bilo kakve nedozvoljene obrade Podataka od strane Dru\u0161tva, fizi\u010dko lice ima pravo na zakonom predvi\u0111enu pravnu za\u0161titu, uklju\u010duju\u0107i i pravo na podno\u0161enje pritu\u017ebe Povereniku za informacije od javnog zna\u010daja i za\u0161titu podataka o li\u010dnosti. U slu\u010daju bilo kog pitanja u vezi sa ovim Obave\u0161tenjem ili radi ostvarenja bilo kog od gore-navedenih prava, fizi\u010dko lice mo\u017ee da se obrati Dru\u0161tvu putem e-maila <a href=\"mailto:office@crossroadasia.rs\">office@crossroadasia.rs<\/a> ili slanjem dopisa na adresu Dru\u0161tva.<\/p>\n<p>Saglasan\/na sam da Dru\u0161tvo mo\u017ee da mi \u0161alje marketin\u0161ke informacije o svojim proizvodima, uslugama i aktivnostima, uklju\u010duju\u0107i i o prodajnim podsticajima, kao i da me kontaktira, odnosno anketira radi ispitivanja zadovoljstva kupaca, i to putem e-maila, telefona, SMS-om\/MMS-om i\/ili po\u0161tom.<\/p>\n<p><strong>SVRHA I METODE POSTUPANJA SA LI\u010cNIM PODACIMA:<\/strong><\/p>\n<p>Li\u010dni podaci koje ste odabrali da pru\u017eite obra\u0111uju se u cilju: a) pru\u017eanja prethodno izabrane i navedene usluge (u daljem tekstu: &#8220;Usluga&#8221;) i kako bi se omogu\u0107ilo CROSSROAD ASIA DOO da sprovodi istra\u017eivanja u pogledu pomenute Usluge; b) obezbe\u0111ivanja, uz va\u0161u izri\u010ditu saglasnost, komercijalnih i\/ili promotivnih informacija kao i slanja reklamnog materijala, anga\u017eovanja u aktivnostima direktne prodaje ili interaktivnim komercijalnim saop\u0161tenjima koja se ti\u010du proizvoda, usluga ili drugih aktivnosti CROSSROAD ASIA DOO, ili sprovo\u0111enja tr\u017ei\u0161nih istra\u017eivanja, c) izrade profila, uz va\u0161u izri\u010ditu saglasnost, va\u0161eg pona\u0161anja, navika i sklonosti, koji \u0107e se koristiti u automobilskoj industriji kako bi se unpredile usluge koje nudi CROSSROAD ASIA DOO; d) saop\u0161tavanja podataka o li\u010dnosti, uz va\u0161u izri\u010ditu saglasnost tre\u0107im licima i licima koja povezanim sa CROSSROAD ASIA DOO kao i njihovim Partnerima, a koji \u0107e se obra\u0111ivati u svrhu komercijalnih i\/ili promotivnih informacija, kao i slanja reklamnog materijala, anga\u017eovanja u aktivnostima direktne prodaje ili interaktivnim komercijalnim saop\u0161tenjima koja se ti\u010du proizvoda, usluga ili drugih aktivnosti, ili pak sprovo\u0111enja tr\u017ei\u0161nih istra\u017eivanja. Podaci c\u0301e se obra\u0111ivati u pisanoj formi, automatski ili u telematskom formatu, a posebno po\u0161tom ili elektronskom po\u0161tom, telefonom (uklju\u010duju\u0107i automatske telefonske pozive, SMS, MMS, i sl.), faksom ili bilo kojim drugim elektronskim kanalom komunikacije (npr: web sajt, mobilne aplikacije).<\/p>\n<p><strong>POSLEDICE USLED NEPRU\u017dANJA PODATAKA<\/strong><\/p>\n<p>Pru\u017eanje va\u0161ih li\u010dnih podataka je opciono. Me\u0111utim , bez obaveznih podataka (ozna\u010denih zvezdicom) mi nec\u0301emo biti u moguc\u0301nosti da u potpunosti pru\u017eimo tra\u017eenu Uslugu i da vas pravilno identifikujemo. Bez ostalih podataka, koji nisu ozna\u010deni kao obavezni, usluga i dalje mo\u017ee biti pru\u017eena.<\/p>\n<p><strong>TRE\u0106A LICA KOJA MOGU IMATI PRISTUP VA\u0160IM PODACIMA<\/strong><\/p>\n<p>Va\u0161e li\u010dne podatke mo\u017ee obra\u0111ivati CROSSROAD ASIA DOO ili drugi entiteti koji postupaju u ime CROSSROAD ASIA DOO u skladu sa odre\u0111enim ugovornim obavezama, a koji imaju sedi\u0161te u dr\u017eavama \u010dlanicama EU ili u dr\u017eavama van EU, uz ograni\u010denja utvr\u0111ena zakonom.<\/p>\n<p>Li\u010dne podatke koje ste dostavili mo\u017ee da obra\u0111uje Lice ovla\u0161\u0107eno za obradu podataka, uklju\u010duju\u0107i i spoljne saradnike odgovorne za upravljanje tra\u017eenim uslugama i srodnim marketin\u0161kim aktivnostima, kao i Obra\u0111iva\u010d(i) podataka ili kompanije kojima su podaci saop\u0161teni, kako je dato u nastavku.<\/p>\n<p><strong>TRE\u0106A LICA KOJIMA SE VA\u0160I LI\u010cNI PODACI MOGU SAOP\u0160TITI<\/strong><\/p>\n<p>Va\u0161i li\u010dni podaci mogu biti saop\u0161teni tre\u0107im licima a u svrhu ispunjavanja zakonskih obaveza, po nalogu dr\u017eavnih organa ili u svrhu ostvarivanja zakonskog prava. Pored toga, uz va\u0161u saglasnost, va\u0161i podaci tako\u0111e mogu biti saop\u0161teni tre\u0107im licima, kako je navedeno u ta\u010dki d) Obave\u0161tenja.<\/p>\n<p><strong>KONTROLOR PODATAKA<\/strong><\/p>\n<p>Kontrolor podataka je CROSSROAD ASIA DOO.<\/p>\n<p><strong>VA\u0160A PRAVA<\/strong><\/p>\n<p>Imate pravo da pristupite svojim li\u010dnim podacima, da se informi\u0161ete o metodama obrade svih dostavljenih podataka, pravo na blagovremene ispravke, brisanja, kopije bilo kog obra\u0111enog podataka ili na a\u017euriranje istih, pravo da odbijete kori\u0161\u0107enje va\u0161ih li\u010dnih podataka u komercijalne ili marketin\u0161ke svrhe, kao i da prekinete ili privremeno obustavite obradu svih va\u0161ih li\u010dnih podatka, uz slanje zahteva CROSSROAD ASIA DOO za kompletnom, a\u017euriranom listom svih Obra\u0111iva\u010da tih podataka, u pisanoj formi na adresu Bulevar Milutina Milankovi\u0107a 23 Beograd.<\/p>\n            \n            \n                    <\/div>\n    <\/div>\n<\/section>","protected":false},"excerpt":{"rendered":"","protected":false},"author":1,"featured_media":0,"parent":0,"menu_order":0,"comment_status":"closed","ping_status":"closed","template":"","meta":{"footnotes":""},"class_list":["post-682","page","type-page","status-publish","hentry"],"acf":[],"yoast_head":"<!-- This site is optimized with the Yoast SEO plugin v26.4 - https:\/\/yoast.com\/wordpress\/plugins\/seo\/ -->\n<title>Politika privatnosti | Changan Balkans<\/title>\n<meta name=\"robots\" content=\"index, follow, max-snippet:-1, max-image-preview:large, max-video-preview:-1\" \/>\n<link rel=\"canonical\" href=\"https:\/\/changan2.mediavistacloud.com\/rs\/politika-privatnosti\/\" \/>\n<meta property=\"og:locale\" content=\"en_US\" \/>\n<meta property=\"og:type\" content=\"article\" \/>\n<meta property=\"og:title\" content=\"Politika privatnosti | Changan Balkans\" \/>\n<meta property=\"og:url\" content=\"https:\/\/changan2.mediavistacloud.com\/rs\/politika-privatnosti\/\" \/>\n<meta property=\"og:site_name\" content=\"Changan Balkans\" \/>\n<meta property=\"article:modified_time\" content=\"2025-09-26T12:35:03+00:00\" \/>\n<meta property=\"og:image\" content=\"https:\/\/changan2.mediavistacloud.com\/rs\/wp-content\/uploads\/2025\/09\/site-image.jpg\" \/>\n\t<meta property=\"og:image:width\" content=\"1200\" \/>\n\t<meta property=\"og:image:height\" content=\"675\" \/>\n\t<meta property=\"og:image:type\" content=\"image\/jpeg\" \/>\n<meta name=\"twitter:card\" content=\"summary_large_image\" \/>\n<script type=\"application\/ld+json\" class=\"yoast-schema-graph\">{\"@context\":\"https:\/\/schema.org\",\"@graph\":[{\"@type\":\"WebPage\",\"@id\":\"https:\/\/changan2.mediavistacloud.com\/rs\/politika-privatnosti\/\",\"url\":\"https:\/\/changan2.mediavistacloud.com\/rs\/politika-privatnosti\/\",\"name\":\"Politika privatnosti | Changan Balkans\",\"isPartOf\":{\"@id\":\"https:\/\/changan2.mediavistacloud.com\/rs\/#website\"},\"datePublished\":\"2025-09-24T12:25:37+00:00\",\"dateModified\":\"2025-09-26T12:35:03+00:00\",\"breadcrumb\":{\"@id\":\"https:\/\/changan2.mediavistacloud.com\/rs\/politika-privatnosti\/#breadcrumb\"},\"inLanguage\":\"en-US\",\"potentialAction\":[{\"@type\":\"ReadAction\",\"target\":[\"https:\/\/changan2.mediavistacloud.com\/rs\/politika-privatnosti\/\"]}]},{\"@type\":\"BreadcrumbList\",\"@id\":\"https:\/\/changan2.mediavistacloud.com\/rs\/politika-privatnosti\/#breadcrumb\",\"itemListElement\":[{\"@type\":\"ListItem\",\"position\":1,\"name\":\"Home\",\"item\":\"https:\/\/changan2.mediavistacloud.com\/rs\/\"},{\"@type\":\"ListItem\",\"position\":2,\"name\":\"Politika privatnosti\"}]},{\"@type\":\"WebSite\",\"@id\":\"https:\/\/changan2.mediavistacloud.com\/rs\/#website\",\"url\":\"https:\/\/changan2.mediavistacloud.com\/rs\/\",\"name\":\"Changan Balkan\",\"description\":\"\",\"publisher\":{\"@id\":\"https:\/\/changan2.mediavistacloud.com\/rs\/#organization\"},\"potentialAction\":[{\"@type\":\"SearchAction\",\"target\":{\"@type\":\"EntryPoint\",\"urlTemplate\":\"https:\/\/changan2.mediavistacloud.com\/rs\/?s={search_term_string}\"},\"query-input\":{\"@type\":\"PropertyValueSpecification\",\"valueRequired\":true,\"valueName\":\"search_term_string\"}}],\"inLanguage\":\"en-US\"},{\"@type\":\"Organization\",\"@id\":\"https:\/\/changan2.mediavistacloud.com\/rs\/#organization\",\"name\":\"Changan Balkan\",\"url\":\"https:\/\/changan2.mediavistacloud.com\/rs\/\",\"logo\":{\"@type\":\"ImageObject\",\"inLanguage\":\"en-US\",\"@id\":\"https:\/\/changan2.mediavistacloud.com\/rs\/#\/schema\/logo\/image\/\",\"url\":\"http:\/\/localhost\/changan\/wp-content\/uploads\/2025\/09\/cropped-fav.jpg\",\"contentUrl\":\"http:\/\/localhost\/changan\/wp-content\/uploads\/2025\/09\/cropped-fav.jpg\",\"width\":512,\"height\":512,\"caption\":\"Changan Balkan\"},\"image\":{\"@id\":\"https:\/\/changan2.mediavistacloud.com\/rs\/#\/schema\/logo\/image\/\"}}]}<\/script>\n<!-- \/ Yoast SEO plugin. -->","yoast_head_json":{"title":"Politika privatnosti | Changan Balkans","robots":{"index":"index","follow":"follow","max-snippet":"max-snippet:-1","max-image-preview":"max-image-preview:large","max-video-preview":"max-video-preview:-1"},"canonical":"https:\/\/changan2.mediavistacloud.com\/rs\/politika-privatnosti\/","og_locale":"en_US","og_type":"article","og_title":"Politika privatnosti | Changan Balkans","og_url":"https:\/\/changan2.mediavistacloud.com\/rs\/politika-privatnosti\/","og_site_name":"Changan Balkans","article_modified_time":"2025-09-26T12:35:03+00:00","og_image":[{"width":1200,"height":675,"url":"https:\/\/changan2.mediavistacloud.com\/rs\/wp-content\/uploads\/2025\/09\/site-image.jpg","type":"image\/jpeg"}],"twitter_card":"summary_large_image","schema":{"@context":"https:\/\/schema.org","@graph":[{"@type":"WebPage","@id":"https:\/\/changan2.mediavistacloud.com\/rs\/politika-privatnosti\/","url":"https:\/\/changan2.mediavistacloud.com\/rs\/politika-privatnosti\/","name":"Politika privatnosti | Changan Balkans","isPartOf":{"@id":"https:\/\/changan2.mediavistacloud.com\/rs\/#website"},"datePublished":"2025-09-24T12:25:37+00:00","dateModified":"2025-09-26T12:35:03+00:00","breadcrumb":{"@id":"https:\/\/changan2.mediavistacloud.com\/rs\/politika-privatnosti\/#breadcrumb"},"inLanguage":"en-US","potentialAction":[{"@type":"ReadAction","target":["https:\/\/changan2.mediavistacloud.com\/rs\/politika-privatnosti\/"]}]},{"@type":"BreadcrumbList","@id":"https:\/\/changan2.mediavistacloud.com\/rs\/politika-privatnosti\/#breadcrumb","itemListElement":[{"@type":"ListItem","position":1,"name":"Home","item":"https:\/\/changan2.mediavistacloud.com\/rs\/"},{"@type":"ListItem","position":2,"name":"Politika privatnosti"}]},{"@type":"WebSite","@id":"https:\/\/changan2.mediavistacloud.com\/rs\/#website","url":"https:\/\/changan2.mediavistacloud.com\/rs\/","name":"Changan Balkan","description":"","publisher":{"@id":"https:\/\/changan2.mediavistacloud.com\/rs\/#organization"},"potentialAction":[{"@type":"SearchAction","target":{"@type":"EntryPoint","urlTemplate":"https:\/\/changan2.mediavistacloud.com\/rs\/?s={search_term_string}"},"query-input":{"@type":"PropertyValueSpecification","valueRequired":true,"valueName":"search_term_string"}}],"inLanguage":"en-US"},{"@type":"Organization","@id":"https:\/\/changan2.mediavistacloud.com\/rs\/#organization","name":"Changan Balkan","url":"https:\/\/changan2.mediavistacloud.com\/rs\/","logo":{"@type":"ImageObject","inLanguage":"en-US","@id":"https:\/\/changan2.mediavistacloud.com\/rs\/#\/schema\/logo\/image\/","url":"http:\/\/localhost\/changan\/wp-content\/uploads\/2025\/09\/cropped-fav.jpg","contentUrl":"http:\/\/localhost\/changan\/wp-content\/uploads\/2025\/09\/cropped-fav.jpg","width":512,"height":512,"caption":"Changan Balkan"},"image":{"@id":"https:\/\/changan2.mediavistacloud.com\/rs\/#\/schema\/logo\/image\/"}}]}},"_links":{"self":[{"href":"https:\/\/changan2.mediavistacloud.com\/rs\/wp-json\/wp\/v2\/pages\/682","targetHints":{"allow":["GET"]}}],"collection":[{"href":"https:\/\/changan2.mediavistacloud.com\/rs\/wp-json\/wp\/v2\/pages"}],"about":[{"href":"https:\/\/changan2.mediavistacloud.com\/rs\/wp-json\/wp\/v2\/types\/page"}],"author":[{"embeddable":true,"href":"https:\/\/changan2.mediavistacloud.com\/rs\/wp-json\/wp\/v2\/users\/1"}],"replies":[{"embeddable":true,"href":"https:\/\/changan2.mediavistacloud.com\/rs\/wp-json\/wp\/v2\/comments?post=682"}],"version-history":[{"count":14,"href":"https:\/\/changan2.mediavistacloud.com\/rs\/wp-json\/wp\/v2\/pages\/682\/revisions"}],"predecessor-version":[{"id":923,"href":"https:\/\/changan2.mediavistacloud.com\/rs\/wp-json\/wp\/v2\/pages\/682\/revisions\/923"}],"wp:attachment":[{"href":"https:\/\/changan2.mediavistacloud.com\/rs\/wp-json\/wp\/v2\/media?parent=682"}],"curies":[{"name":"wp","href":"https:\/\/api.w.org\/{rel}","templated":true}]}}