{"id":735,"date":"2025-09-24T18:41:02","date_gmt":"2025-09-24T16:41:02","guid":{"rendered":"http:\/\/localhost\/changan\/?page_id=735"},"modified":"2025-09-26T14:17:18","modified_gmt":"2025-09-26T12:17:18","slug":"garancije","status":"publish","type":"page","link":"https:\/\/changan2.mediavistacloud.com\/rs\/garancije\/","title":{"rendered":"Garancije"},"content":{"rendered":"\n<section class=\"cover\">\n    <div class=\"c\">\n        \n                    <h1 class=\"h2 fw-regular\">Garancije<\/h1>\n        \n            <\/div>\n\n    <div class=\"bg\">\n                    <img loading=\"lazy\" decoding=\"async\"  class=\"img-cover\" src=\"https:\/\/changan2.mediavistacloud.com\/rs\/wp-content\/uploads\/2025\/09\/warranty-hero.jpg\" alt=\"\" width=\"1920\" height=\"977\" \/>\n        \n            <\/div>\n<\/section>\n\n\n<section class=\"text bg--white mt--xs mb--md align--left\">\n    <div class=\"c\">\n        <div class=\"text__ctn text__ctn--small\"\">\n            \n                            <h2 class=\"h3 fw-light\">Sveobuhvatna garancija <strong>za bezbri\u017enu vo\u017enju<\/strong><\/h2>\n            \n                            <p>Cenimo va\u0161e poverenje i zadovoljstvo i nudimo vam <strong>sveobuhvatnu garanciju<\/strong> koja dugoro\u010dno \u0161titi va\u0161e vozilo. Na\u0161a garancija pokriva najva\u017enije komponente i sisteme, tako da mo\u017eete voziti bezbri\u017eno. U nastavku \u0107ete na\u0107i pregled na\u0161ih garantnih usluga, koje zadovoljavaju najvi\u0161e standarde kvaliteta i pouzdanosti. Izaberite svoj model da biste dobili specifi\u010dne detalje o garanciji.<\/p>\n            \n            \n                    <\/div>\n    <\/div>\n<\/section>\n\n\n<section class=\"warranties\">\n    <div class=\"c\">\n                    <div class=\"warranty js-warranty warranty--active\">\n                <div class=\"warranty__header js-warranty-trigger\">            \n                                            <h3 class=\"h4\">S07<\/h3>\n                        <svg class=\"icon\" xmlns=\"http:\/\/www.w3.org\/2000\/svg\" viewBox=\"0 0 448 512\">\n    <path d=\"m224 385.9 17-17L401 209l17-17-34-33.9-17 17-143 143L81 175l-17-17-33.9 34 17 17L207 369l17 17z\"><\/path>\n<\/svg>                        <svg class=\"icon\" xmlns=\"http:\/\/www.w3.org\/2000\/svg\" viewBox=\"0 0 16 16\">\n    <path fill=\"none\" d=\"M0 0h16v16H0z\"><\/path>\n    <path d=\"M15 7H9V1H7v6H1v2h6v6h2V9h6z\"><\/path>\n<\/svg>                                    <\/div>\n\n                <div class=\"warranty__body\">\n                    <table class=\"warranty__table\">\n                        <thead>\n                                                                                                <th>Kategorija<\/th>\n                                                                                                                                <th>Pokri\u0107e<\/th>\n                                                                                                                                <th>Napomena<\/th>\n                                                                                    <\/thead>\n                        <tbody>\n                                                            <tr>\n                                                                                                                        <td>Osnovna garancija<\/td>\n                                                                                                                                                                <td>7 godina ili 160.000 km<\/td>\n                                                                                                                                                                <td>\/<\/td>\n                                                                                                            <\/tr>\n                                                            <tr>\n                                                                                                                        <td>Viskoko naponska baterija<\/td>\n                                                                                                                                                                <td>8 godina ili 200.000 km<\/td>\n                                                                                                                                                                <td>SOH<70%<\/td>\n                                                                                                            <\/tr>\n                                                            <tr>\n                                                                                                                        <td>Pogon<\/td>\n                                                                                                                                                                <td>8 godina ili 200.000 km<\/td>\n                                                                                                                                                                <td>Sistem upravljanja elektri\u010dnim pogonom, elektri\u010dni pogonski sistem i njihovi pojedina\u010dni delovi<\/td>\n                                                                                                            <\/tr>\n                                                            <tr>\n                                                                                                                        <td>Antikorozivna za\u0161tita<\/td>\n                                                                                                                                                                <td>12 godina bez ograni\u010denja kilometra\u017ee<\/td>\n                                                                                                                                                                <td>Pokriva perforaciju r\u0111e (formiranje rupa kroz telo iznutra prema spolja)<\/td>\n                                                                                                            <\/tr>\n                                                    <\/tbody>\n                    <\/table>\n                <\/div>\n\n                                <div class=\"warranty__notice\">\n                    <p><strong>Napomena:<\/strong><\/p>\n<p>Garancija po\u010dinje na dan prve registracije vozila na odgovaraju\u0107oj teritoriji. Garantni rok zavisi od trajanja ili kilometra\u017ee \u2013 \u0161ta god nastupi prvo.<br \/>\nSOH (State of Health: Stanje baterije).<br \/>\nGarancija va\u017ei samo za vozila koja se ne koriste u komercijalne svrhe.<\/p>\n<p>Za vi\u0161e detalja o garanciji, obratite se<strong> lokalnom Changan dileru.<\/strong><\/p>\n                <\/div>\n                            <\/div>\n                    <div class=\"warranty js-warranty \">\n                <div class=\"warranty__header js-warranty-trigger\">            \n                                            <h3 class=\"h4\">S05<\/h3>\n                        <svg class=\"icon\" xmlns=\"http:\/\/www.w3.org\/2000\/svg\" viewBox=\"0 0 448 512\">\n    <path d=\"m224 385.9 17-17L401 209l17-17-34-33.9-17 17-143 143L81 175l-17-17-33.9 34 17 17L207 369l17 17z\"><\/path>\n<\/svg>                        <svg class=\"icon\" xmlns=\"http:\/\/www.w3.org\/2000\/svg\" viewBox=\"0 0 16 16\">\n    <path fill=\"none\" d=\"M0 0h16v16H0z\"><\/path>\n    <path d=\"M15 7H9V1H7v6H1v2h6v6h2V9h6z\"><\/path>\n<\/svg>                                    <\/div>\n\n                <div class=\"warranty__body\">\n                    <table class=\"warranty__table\">\n                        <thead>\n                                                                                                <th>Novi Changan Deepal S05 sti\u017ee uskoro.<\/th>\n                                                                                    <\/thead>\n                        <tbody>\n                                                    <\/tbody>\n                    <\/table>\n                <\/div>\n\n                            <\/div>\n            <\/div>\n<\/section>\n","protected":false},"excerpt":{"rendered":"","protected":false},"author":1,"featured_media":0,"parent":0,"menu_order":0,"comment_status":"closed","ping_status":"closed","template":"","meta":{"footnotes":""},"class_list":["post-735","page","type-page","status-publish","hentry"],"acf":[],"yoast_head":"<!-- This site is optimized with the Yoast SEO plugin v26.4 - https:\/\/yoast.com\/wordpress\/plugins\/seo\/ -->\n<title>Garancije | Changan Balkans<\/title>\n<meta name=\"robots\" content=\"index, follow, max-snippet:-1, max-image-preview:large, max-video-preview:-1\" \/>\n<link rel=\"canonical\" href=\"https:\/\/changan2.mediavistacloud.com\/rs\/garancije\/\" \/>\n<meta property=\"og:locale\" content=\"en_US\" \/>\n<meta property=\"og:type\" content=\"article\" \/>\n<meta property=\"og:title\" content=\"Garancije | Changan Balkans\" \/>\n<meta property=\"og:url\" content=\"https:\/\/changan2.mediavistacloud.com\/rs\/garancije\/\" \/>\n<meta property=\"og:site_name\" content=\"Changan Balkans\" \/>\n<meta property=\"article:modified_time\" content=\"2025-09-26T12:17:18+00:00\" \/>\n<meta property=\"og:image\" content=\"https:\/\/changan2.mediavistacloud.com\/rs\/wp-content\/uploads\/2025\/09\/site-image.jpg\" \/>\n\t<meta property=\"og:image:width\" content=\"1200\" \/>\n\t<meta property=\"og:image:height\" content=\"675\" \/>\n\t<meta property=\"og:image:type\" content=\"image\/jpeg\" \/>\n<meta name=\"twitter:card\" content=\"summary_large_image\" \/>\n<script type=\"application\/ld+json\" class=\"yoast-schema-graph\">{\"@context\":\"https:\/\/schema.org\",\"@graph\":[{\"@type\":\"WebPage\",\"@id\":\"https:\/\/changan2.mediavistacloud.com\/rs\/garancije\/\",\"url\":\"https:\/\/changan2.mediavistacloud.com\/rs\/garancije\/\",\"name\":\"Garancije | Changan Balkans\",\"isPartOf\":{\"@id\":\"https:\/\/changan2.mediavistacloud.com\/rs\/#website\"},\"datePublished\":\"2025-09-24T16:41:02+00:00\",\"dateModified\":\"2025-09-26T12:17:18+00:00\",\"breadcrumb\":{\"@id\":\"https:\/\/changan2.mediavistacloud.com\/rs\/garancije\/#breadcrumb\"},\"inLanguage\":\"en-US\",\"potentialAction\":[{\"@type\":\"ReadAction\",\"target\":[\"https:\/\/changan2.mediavistacloud.com\/rs\/garancije\/\"]}]},{\"@type\":\"BreadcrumbList\",\"@id\":\"https:\/\/changan2.mediavistacloud.com\/rs\/garancije\/#breadcrumb\",\"itemListElement\":[{\"@type\":\"ListItem\",\"position\":1,\"name\":\"Home\",\"item\":\"https:\/\/changan2.mediavistacloud.com\/rs\/\"},{\"@type\":\"ListItem\",\"position\":2,\"name\":\"Garancije\"}]},{\"@type\":\"WebSite\",\"@id\":\"https:\/\/changan2.mediavistacloud.com\/rs\/#website\",\"url\":\"https:\/\/changan2.mediavistacloud.com\/rs\/\",\"name\":\"Changan Balkan\",\"description\":\"\",\"publisher\":{\"@id\":\"https:\/\/changan2.mediavistacloud.com\/rs\/#organization\"},\"potentialAction\":[{\"@type\":\"SearchAction\",\"target\":{\"@type\":\"EntryPoint\",\"urlTemplate\":\"https:\/\/changan2.mediavistacloud.com\/rs\/?s={search_term_string}\"},\"query-input\":{\"@type\":\"PropertyValueSpecification\",\"valueRequired\":true,\"valueName\":\"search_term_string\"}}],\"inLanguage\":\"en-US\"},{\"@type\":\"Organization\",\"@id\":\"https:\/\/changan2.mediavistacloud.com\/rs\/#organization\",\"name\":\"Changan Balkan\",\"url\":\"https:\/\/changan2.mediavistacloud.com\/rs\/\",\"logo\":{\"@type\":\"ImageObject\",\"inLanguage\":\"en-US\",\"@id\":\"https:\/\/changan2.mediavistacloud.com\/rs\/#\/schema\/logo\/image\/\",\"url\":\"http:\/\/localhost\/changan\/wp-content\/uploads\/2025\/09\/cropped-fav.jpg\",\"contentUrl\":\"http:\/\/localhost\/changan\/wp-content\/uploads\/2025\/09\/cropped-fav.jpg\",\"width\":512,\"height\":512,\"caption\":\"Changan Balkan\"},\"image\":{\"@id\":\"https:\/\/changan2.mediavistacloud.com\/rs\/#\/schema\/logo\/image\/\"}}]}<\/script>\n<!-- \/ Yoast SEO plugin. -->","yoast_head_json":{"title":"Garancije | Changan Balkans","robots":{"index":"index","follow":"follow","max-snippet":"max-snippet:-1","max-image-preview":"max-image-preview:large","max-video-preview":"max-video-preview:-1"},"canonical":"https:\/\/changan2.mediavistacloud.com\/rs\/garancije\/","og_locale":"en_US","og_type":"article","og_title":"Garancije | Changan Balkans","og_url":"https:\/\/changan2.mediavistacloud.com\/rs\/garancije\/","og_site_name":"Changan Balkans","article_modified_time":"2025-09-26T12:17:18+00:00","og_image":[{"width":1200,"height":675,"url":"https:\/\/changan2.mediavistacloud.com\/rs\/wp-content\/uploads\/2025\/09\/site-image.jpg","type":"image\/jpeg"}],"twitter_card":"summary_large_image","schema":{"@context":"https:\/\/schema.org","@graph":[{"@type":"WebPage","@id":"https:\/\/changan2.mediavistacloud.com\/rs\/garancije\/","url":"https:\/\/changan2.mediavistacloud.com\/rs\/garancije\/","name":"Garancije | Changan Balkans","isPartOf":{"@id":"https:\/\/changan2.mediavistacloud.com\/rs\/#website"},"datePublished":"2025-09-24T16:41:02+00:00","dateModified":"2025-09-26T12:17:18+00:00","breadcrumb":{"@id":"https:\/\/changan2.mediavistacloud.com\/rs\/garancije\/#breadcrumb"},"inLanguage":"en-US","potentialAction":[{"@type":"ReadAction","target":["https:\/\/changan2.mediavistacloud.com\/rs\/garancije\/"]}]},{"@type":"BreadcrumbList","@id":"https:\/\/changan2.mediavistacloud.com\/rs\/garancije\/#breadcrumb","itemListElement":[{"@type":"ListItem","position":1,"name":"Home","item":"https:\/\/changan2.mediavistacloud.com\/rs\/"},{"@type":"ListItem","position":2,"name":"Garancije"}]},{"@type":"WebSite","@id":"https:\/\/changan2.mediavistacloud.com\/rs\/#website","url":"https:\/\/changan2.mediavistacloud.com\/rs\/","name":"Changan Balkan","description":"","publisher":{"@id":"https:\/\/changan2.mediavistacloud.com\/rs\/#organization"},"potentialAction":[{"@type":"SearchAction","target":{"@type":"EntryPoint","urlTemplate":"https:\/\/changan2.mediavistacloud.com\/rs\/?s={search_term_string}"},"query-input":{"@type":"PropertyValueSpecification","valueRequired":true,"valueName":"search_term_string"}}],"inLanguage":"en-US"},{"@type":"Organization","@id":"https:\/\/changan2.mediavistacloud.com\/rs\/#organization","name":"Changan Balkan","url":"https:\/\/changan2.mediavistacloud.com\/rs\/","logo":{"@type":"ImageObject","inLanguage":"en-US","@id":"https:\/\/changan2.mediavistacloud.com\/rs\/#\/schema\/logo\/image\/","url":"http:\/\/localhost\/changan\/wp-content\/uploads\/2025\/09\/cropped-fav.jpg","contentUrl":"http:\/\/localhost\/changan\/wp-content\/uploads\/2025\/09\/cropped-fav.jpg","width":512,"height":512,"caption":"Changan Balkan"},"image":{"@id":"https:\/\/changan2.mediavistacloud.com\/rs\/#\/schema\/logo\/image\/"}}]}},"_links":{"self":[{"href":"https:\/\/changan2.mediavistacloud.com\/rs\/wp-json\/wp\/v2\/pages\/735","targetHints":{"allow":["GET"]}}],"collection":[{"href":"https:\/\/changan2.mediavistacloud.com\/rs\/wp-json\/wp\/v2\/pages"}],"about":[{"href":"https:\/\/changan2.mediavistacloud.com\/rs\/wp-json\/wp\/v2\/types\/page"}],"author":[{"embeddable":true,"href":"https:\/\/changan2.mediavistacloud.com\/rs\/wp-json\/wp\/v2\/users\/1"}],"replies":[{"embeddable":true,"href":"https:\/\/changan2.mediavistacloud.com\/rs\/wp-json\/wp\/v2\/comments?post=735"}],"version-history":[{"count":39,"href":"https:\/\/changan2.mediavistacloud.com\/rs\/wp-json\/wp\/v2\/pages\/735\/revisions"}],"predecessor-version":[{"id":914,"href":"https:\/\/changan2.mediavistacloud.com\/rs\/wp-json\/wp\/v2\/pages\/735\/revisions\/914"}],"wp:attachment":[{"href":"https:\/\/changan2.mediavistacloud.com\/rs\/wp-json\/wp\/v2\/media?parent=735"}],"curies":[{"name":"wp","href":"https:\/\/api.w.org\/{rel}","templated":true}]}}