{"id":806,"date":"2025-09-25T18:10:44","date_gmt":"2025-09-25T16:10:44","guid":{"rendered":"http:\/\/localhost\/changan\/?page_id=806"},"modified":"2025-11-25T12:18:07","modified_gmt":"2025-11-25T11:18:07","slug":"probna-voznja","status":"publish","type":"page","link":"https:\/\/changan2.mediavistacloud.com\/rs\/probna-voznja\/","title":{"rendered":"Probna vo\u017enja"},"content":{"rendered":"\r\n<section class=\"stay-informed bg--white mt--lg mb--no align--left\">\r\n    <div class=\"c\">\r\n        <div class=\"stay-informed__image image-left\">\r\n                            <div class=\"stay-informed__image__head\">\r\n                    \r\n                                            <h2 class=\"h2 fw-light\">Oseti mo\u0107 inovacije. <strong>Zaka\u017eite Va\u0161u probnu vo\u017enju<\/strong><\/h2>\r\n                    \r\n                                            <p>Budite me\u0111u prvima koji \u0107e otkriti Changan uz vo\u017enju bez obaveza<\/p>\n                                    <\/div>\r\n                    \r\n                <div class=\"stay-informed__image__model\">  \r\n                    <p class=\"model-name\"><\/p>\r\n                    <img loading=\"lazy\" decoding=\"async\" src=\"https:\/\/changan2.mediavistacloud.com\/rs\/wp-content\/uploads\/2025\/11\/probna-voznja.jpg\" alt=\"\" width=\"720\" height=\"540\" \/>\r\n                <\/div>\r\n\r\n                            \r\n            \r\n                \r\n                \r\n                \r\n                \r\n                \r\n                \r\n                \r\n                \r\n                    <\/div>\r\n\r\n        <div class=\"stay-informed__ctn stay-informed__ctn--\"\">\r\n                            <!-- HTML Forms v1.5.5 - https:\/\/wordpress.org\/plugins\/html-forms\/ -->\n<form method=\"post\"  class=\"hf-form hf-form-809 \" data-id=\"809\" data-title=\"Probna vo\u017enja\" data-slug=\"probna-voznja\" data-message-success=\"Po\u0161tovani,&lt;br&gt;&lt;br&gt;Zahvaljuemo vam se na interesovanju za na\u0161 model.&lt;br&gt;&lt;br&gt;Ovim putem vas obave\u0161tavamo da ste se prijavili na listu zainteresovanih i da \u0107ete biti kontaktirani od strane na\u0161eg prodajnog osoblja.\" data-message-invalid-email=\"Uneli ste pogre\u0161nu email adresu.\" data-message-required-field-missing=\"Molimo popunite obavezna polja.\" data-message-error=\"Do\u0161lo je do gre\u0161ke.\"><input type=\"hidden\" id=\"_wpnonce\" name=\"_wpnonce\" value=\"ce6a33d13e\" \/><input type=\"hidden\" name=\"_wp_http_referer\" value=\"\/rs\/wp-json\/wp\/v2\/pages\/806\" \/><input type=\"hidden\" name=\"_hf_form_id\" value=\"809\" \/><div style=\"display: none;\"><input type=\"text\" name=\"_hf_h809\" value=\"\" \/><\/div><div class=\"hf-fields-wrap\"><div class=\"form__row form__row--col-2\">\r\n    <div class=\"form__col\">\r\n        <label>Ime *<\/label>\r\n        <input type=\"text\" name=\"ime\" placeholder=\"Ime\" required \/>\r\n    <\/div>\r\n    <div class=\"form__col\">\r\n        <label>Prezime *<\/label>\r\n        <input type=\"text\" name=\"prezime\" placeholder=\"Prezime\" required \/>\r\n    <\/div>\r\n<\/div>\r\n\r\n<div class=\"form__row\">\r\n    <div class=\"form__col\">\r\n        <label>E-mail adresa *<\/label>\r\n        <input type=\"email\" name=\"email\" placeholder=\"E-mail adresa\" required \/>\r\n    <\/div>\r\n<\/div>\r\n\r\n<div class=\"form__row\">\r\n    <div class=\"form__col\">\r\n        <label>Broj telefona<\/label>\r\n        <input type=\"phone\" name=\"phone\" placeholder=\"Broj telefona\" \/>\r\n    <\/div>\r\n<\/div>\r\n\r\n<div class=\"form__row\">\r\n    <div class=\"form__col\">\r\n        <label>Grad<\/label>\r\n        <input type=\"text\" name=\"grad\" placeholder=\"grad\" \/>\r\n    <\/div>\r\n<\/div>\r\n\r\n<div class=\"form__row\">\r\n    <div class=\"form__col\">\r\n        <label for=\"stay-informed-MODEL\">Model<\/label>\r\n        <select name=\"MODEL\" id=\"stay-informed-MODEL\">\r\n            <option selected disabled>Izaberite model<\/option>\r\n            <option>Changan Deepal S05<\/option>\r\n            <option>Changan Deepal S07<\/option>\r\n        <\/select>\r\n    <\/div>\r\n<\/div>\r\n\r\n<div class=\"form__row\"><\/div>\r\n\r\n<div class=\"form__row\">\r\n    <div class=\"form__col\">\r\n        <label>\r\n            <input type=\"checkbox\" name=\"tos\" required \/>\r\n            <span>Saglasan sam da Changan i njegovi ovla\u0161\u0107eni prodajni partneri mogu koristiti moje li\u010dne podatke za obradu mog zahteva. Pro\u010ditao sam i sla\u017eem se sa <a href=\"\/politika-privatnosti\/\" target=\"_blank\" rel=\"nofollow\">Politikom privatnosti<\/a>. *<\/span>\r\n        <\/label>\r\n    <\/div>\r\n<\/div>\r\n\r\n<div class=\"form__row\">\r\n    <div class=\"form__col\">\r\n        <label>\r\n            <input type=\"checkbox\" name=\"newsletter\" \/>\r\n            <span>\u017deleo bih da primam aktuelne vesti i informacije o Changan-u.<\/span>\r\n        <\/label>\r\n    <\/div>\r\n<\/div>\r\n\r\n<div class=\"form__row\"><\/div>\r\n\r\n<div class=\"form__row\">\r\n    <div class=\"form__col\">\r\n        <input class=\"btn btn--filled\" type=\"submit\" value=\"Po\u0161alji zahtev\" \/>\r\n    <\/div>\r\n<\/div><noscript>Please enable JavaScript for this form to work.<\/noscript><\/div><\/form><!-- \/ HTML Forms -->                    \r\n        <\/div>\r\n    <\/div>\r\n<\/section>","protected":false},"excerpt":{"rendered":"","protected":false},"author":1,"featured_media":0,"parent":0,"menu_order":0,"comment_status":"closed","ping_status":"closed","template":"","meta":{"footnotes":""},"class_list":["post-806","page","type-page","status-publish","hentry"],"acf":[],"yoast_head":"<!-- This site is optimized with the Yoast SEO plugin v26.4 - https:\/\/yoast.com\/wordpress\/plugins\/seo\/ -->\n<title>Probna vo\u017enja | Changan Balkans<\/title>\n<meta name=\"robots\" content=\"index, follow, max-snippet:-1, max-image-preview:large, max-video-preview:-1\" \/>\n<link rel=\"canonical\" href=\"https:\/\/changan2.mediavistacloud.com\/rs\/probna-voznja\/\" \/>\n<meta property=\"og:locale\" content=\"en_US\" \/>\n<meta property=\"og:type\" content=\"article\" \/>\n<meta property=\"og:title\" content=\"Probna vo\u017enja | Changan Balkans\" \/>\n<meta property=\"og:url\" content=\"https:\/\/changan2.mediavistacloud.com\/rs\/probna-voznja\/\" \/>\n<meta property=\"og:site_name\" content=\"Changan Balkans\" \/>\n<meta property=\"article:modified_time\" content=\"2025-11-25T11:18:07+00:00\" \/>\n<meta property=\"og:image\" content=\"https:\/\/changan2.mediavistacloud.com\/rs\/wp-content\/uploads\/2025\/09\/site-image.jpg\" \/>\n\t<meta property=\"og:image:width\" content=\"1200\" \/>\n\t<meta property=\"og:image:height\" content=\"675\" \/>\n\t<meta property=\"og:image:type\" content=\"image\/jpeg\" \/>\n<meta name=\"twitter:card\" content=\"summary_large_image\" \/>\n<script type=\"application\/ld+json\" class=\"yoast-schema-graph\">{\"@context\":\"https:\/\/schema.org\",\"@graph\":[{\"@type\":\"WebPage\",\"@id\":\"https:\/\/changan2.mediavistacloud.com\/rs\/probna-voznja\/\",\"url\":\"https:\/\/changan2.mediavistacloud.com\/rs\/probna-voznja\/\",\"name\":\"Probna vo\u017enja | Changan Balkans\",\"isPartOf\":{\"@id\":\"https:\/\/changan2.mediavistacloud.com\/rs\/#website\"},\"datePublished\":\"2025-09-25T16:10:44+00:00\",\"dateModified\":\"2025-11-25T11:18:07+00:00\",\"breadcrumb\":{\"@id\":\"https:\/\/changan2.mediavistacloud.com\/rs\/probna-voznja\/#breadcrumb\"},\"inLanguage\":\"en-US\",\"potentialAction\":[{\"@type\":\"ReadAction\",\"target\":[\"https:\/\/changan2.mediavistacloud.com\/rs\/probna-voznja\/\"]}]},{\"@type\":\"BreadcrumbList\",\"@id\":\"https:\/\/changan2.mediavistacloud.com\/rs\/probna-voznja\/#breadcrumb\",\"itemListElement\":[{\"@type\":\"ListItem\",\"position\":1,\"name\":\"Home\",\"item\":\"https:\/\/changan2.mediavistacloud.com\/rs\/\"},{\"@type\":\"ListItem\",\"position\":2,\"name\":\"Probna vo\u017enja\"}]},{\"@type\":\"WebSite\",\"@id\":\"https:\/\/changan2.mediavistacloud.com\/rs\/#website\",\"url\":\"https:\/\/changan2.mediavistacloud.com\/rs\/\",\"name\":\"Changan Balkan\",\"description\":\"\",\"publisher\":{\"@id\":\"https:\/\/changan2.mediavistacloud.com\/rs\/#organization\"},\"potentialAction\":[{\"@type\":\"SearchAction\",\"target\":{\"@type\":\"EntryPoint\",\"urlTemplate\":\"https:\/\/changan2.mediavistacloud.com\/rs\/?s={search_term_string}\"},\"query-input\":{\"@type\":\"PropertyValueSpecification\",\"valueRequired\":true,\"valueName\":\"search_term_string\"}}],\"inLanguage\":\"en-US\"},{\"@type\":\"Organization\",\"@id\":\"https:\/\/changan2.mediavistacloud.com\/rs\/#organization\",\"name\":\"Changan Balkan\",\"url\":\"https:\/\/changan2.mediavistacloud.com\/rs\/\",\"logo\":{\"@type\":\"ImageObject\",\"inLanguage\":\"en-US\",\"@id\":\"https:\/\/changan2.mediavistacloud.com\/rs\/#\/schema\/logo\/image\/\",\"url\":\"http:\/\/localhost\/changan\/wp-content\/uploads\/2025\/09\/cropped-fav.jpg\",\"contentUrl\":\"http:\/\/localhost\/changan\/wp-content\/uploads\/2025\/09\/cropped-fav.jpg\",\"width\":512,\"height\":512,\"caption\":\"Changan Balkan\"},\"image\":{\"@id\":\"https:\/\/changan2.mediavistacloud.com\/rs\/#\/schema\/logo\/image\/\"}}]}<\/script>\n<!-- \/ Yoast SEO plugin. -->","yoast_head_json":{"title":"Probna vo\u017enja | Changan Balkans","robots":{"index":"index","follow":"follow","max-snippet":"max-snippet:-1","max-image-preview":"max-image-preview:large","max-video-preview":"max-video-preview:-1"},"canonical":"https:\/\/changan2.mediavistacloud.com\/rs\/probna-voznja\/","og_locale":"en_US","og_type":"article","og_title":"Probna vo\u017enja | Changan Balkans","og_url":"https:\/\/changan2.mediavistacloud.com\/rs\/probna-voznja\/","og_site_name":"Changan Balkans","article_modified_time":"2025-11-25T11:18:07+00:00","og_image":[{"width":1200,"height":675,"url":"https:\/\/changan2.mediavistacloud.com\/rs\/wp-content\/uploads\/2025\/09\/site-image.jpg","type":"image\/jpeg"}],"twitter_card":"summary_large_image","schema":{"@context":"https:\/\/schema.org","@graph":[{"@type":"WebPage","@id":"https:\/\/changan2.mediavistacloud.com\/rs\/probna-voznja\/","url":"https:\/\/changan2.mediavistacloud.com\/rs\/probna-voznja\/","name":"Probna vo\u017enja | Changan Balkans","isPartOf":{"@id":"https:\/\/changan2.mediavistacloud.com\/rs\/#website"},"datePublished":"2025-09-25T16:10:44+00:00","dateModified":"2025-11-25T11:18:07+00:00","breadcrumb":{"@id":"https:\/\/changan2.mediavistacloud.com\/rs\/probna-voznja\/#breadcrumb"},"inLanguage":"en-US","potentialAction":[{"@type":"ReadAction","target":["https:\/\/changan2.mediavistacloud.com\/rs\/probna-voznja\/"]}]},{"@type":"BreadcrumbList","@id":"https:\/\/changan2.mediavistacloud.com\/rs\/probna-voznja\/#breadcrumb","itemListElement":[{"@type":"ListItem","position":1,"name":"Home","item":"https:\/\/changan2.mediavistacloud.com\/rs\/"},{"@type":"ListItem","position":2,"name":"Probna vo\u017enja"}]},{"@type":"WebSite","@id":"https:\/\/changan2.mediavistacloud.com\/rs\/#website","url":"https:\/\/changan2.mediavistacloud.com\/rs\/","name":"Changan Balkan","description":"","publisher":{"@id":"https:\/\/changan2.mediavistacloud.com\/rs\/#organization"},"potentialAction":[{"@type":"SearchAction","target":{"@type":"EntryPoint","urlTemplate":"https:\/\/changan2.mediavistacloud.com\/rs\/?s={search_term_string}"},"query-input":{"@type":"PropertyValueSpecification","valueRequired":true,"valueName":"search_term_string"}}],"inLanguage":"en-US"},{"@type":"Organization","@id":"https:\/\/changan2.mediavistacloud.com\/rs\/#organization","name":"Changan Balkan","url":"https:\/\/changan2.mediavistacloud.com\/rs\/","logo":{"@type":"ImageObject","inLanguage":"en-US","@id":"https:\/\/changan2.mediavistacloud.com\/rs\/#\/schema\/logo\/image\/","url":"http:\/\/localhost\/changan\/wp-content\/uploads\/2025\/09\/cropped-fav.jpg","contentUrl":"http:\/\/localhost\/changan\/wp-content\/uploads\/2025\/09\/cropped-fav.jpg","width":512,"height":512,"caption":"Changan Balkan"},"image":{"@id":"https:\/\/changan2.mediavistacloud.com\/rs\/#\/schema\/logo\/image\/"}}]}},"_links":{"self":[{"href":"https:\/\/changan2.mediavistacloud.com\/rs\/wp-json\/wp\/v2\/pages\/806","targetHints":{"allow":["GET"]}}],"collection":[{"href":"https:\/\/changan2.mediavistacloud.com\/rs\/wp-json\/wp\/v2\/pages"}],"about":[{"href":"https:\/\/changan2.mediavistacloud.com\/rs\/wp-json\/wp\/v2\/types\/page"}],"author":[{"embeddable":true,"href":"https:\/\/changan2.mediavistacloud.com\/rs\/wp-json\/wp\/v2\/users\/1"}],"replies":[{"embeddable":true,"href":"https:\/\/changan2.mediavistacloud.com\/rs\/wp-json\/wp\/v2\/comments?post=806"}],"version-history":[{"count":11,"href":"https:\/\/changan2.mediavistacloud.com\/rs\/wp-json\/wp\/v2\/pages\/806\/revisions"}],"predecessor-version":[{"id":1174,"href":"https:\/\/changan2.mediavistacloud.com\/rs\/wp-json\/wp\/v2\/pages\/806\/revisions\/1174"}],"wp:attachment":[{"href":"https:\/\/changan2.mediavistacloud.com\/rs\/wp-json\/wp\/v2\/media?parent=806"}],"curies":[{"name":"wp","href":"https:\/\/api.w.org\/{rel}","templated":true}]}}