{"id":822,"date":"2025-09-25T18:38:37","date_gmt":"2025-09-25T16:38:37","guid":{"rendered":"http:\/\/localhost\/changan\/?page_id=822"},"modified":"2025-09-25T18:56:06","modified_gmt":"2025-09-25T16:56:06","slug":"novosti","status":"publish","type":"page","link":"https:\/\/changan2.mediavistacloud.com\/rs\/novosti\/","title":{"rendered":"Novosti"},"content":{"rendered":"\n<section class=\"cover\">\n    <div class=\"c\">\n        \n                    <h1 class=\"h2 fw-regular\">Novosti<\/h1>\n        \n            <\/div>\n\n    <div class=\"bg\">\n                    <img loading=\"lazy\" decoding=\"async\"  class=\"img-cover\" src=\"https:\/\/changan2.mediavistacloud.com\/rs\/wp-content\/uploads\/2025\/09\/about-us-hero_shadow.jpg\" alt=\"\" width=\"1920\" height=\"480\" \/>\n        \n            <\/div>\n<\/section>\n\n\n<section class=\"blogs-listing\">\n    <div class=\"c\">\n                    <article>\n                <a class=\"article-img\" href=\"https:\/\/changan2.mediavistacloud.com\/rs\/novost\/changan-najavljuje-planove-za-ulazak-na-evropsko-trziste\/\">\n                                            <img loading=\"lazy\" decoding=\"async\" width=\"1230\" height=\"820\" src=\"https:\/\/changan2.mediavistacloud.com\/rs\/wp-content\/uploads\/2025\/09\/press-deepal_Deepal.webp\" class=\"attachment-fullsize size-fullsize wp-post-image\" alt=\"\" srcset=\"https:\/\/changan2.mediavistacloud.com\/rs\/wp-content\/uploads\/2025\/09\/press-deepal_Deepal.webp 1230w, https:\/\/changan2.mediavistacloud.com\/rs\/wp-content\/uploads\/2025\/09\/press-deepal_Deepal-300x200.webp 300w, https:\/\/changan2.mediavistacloud.com\/rs\/wp-content\/uploads\/2025\/09\/press-deepal_Deepal-1024x683.webp 1024w, https:\/\/changan2.mediavistacloud.com\/rs\/wp-content\/uploads\/2025\/09\/press-deepal_Deepal-768x512.webp 768w\" sizes=\"auto, (max-width: 1230px) 100vw, 1230px\" \/>                                    <\/a>\n\n                <div class=\"article-ctn\">\n                    <h2 class=\"h3\">Changan najavljuje planove za ulazak na evropsko tr\u017ei\u0161te<\/h4>\n                    <span class=\"date\">30.09.2024 &#8211; Novosti<\/span>\n\n                    <p>CHANGAN Automobile, jedan od \u010detiri najve\u0107a proizvo\u0111a\u010da automobila u Kini, najavio je planove za ulazak na evropsko tr\u017ei\u0161te. Sa fokusom na elektri\u010dnu mobilnost i jasnom posve\u0107eno\u0161\u0107u inovativnim tehnologijama.<\/p>\n\n                    <a href=\"https:\/\/changan2.mediavistacloud.com\/rs\/novost\/changan-najavljuje-planove-za-ulazak-na-evropsko-trziste\/\" class=\"btn btn--outline\" aria-label=\"Saznajte vi\u0161e o Changan najavljuje planove za ulazak na evropsko tr\u017ei\u0161te\">\n                        <span>Saznajte vi\u0161e<\/span>\n                        <span class=\"screen-reader\">Saznajte vi\u0161e o Changan najavljuje planove za ulazak na evropsko tr\u017ei\u0161te<\/span>\n                    <\/a>\n                <\/div>\n            <\/article>\n            <\/div>\n<\/section>","protected":false},"excerpt":{"rendered":"","protected":false},"author":1,"featured_media":0,"parent":0,"menu_order":0,"comment_status":"closed","ping_status":"closed","template":"","meta":{"footnotes":""},"class_list":["post-822","page","type-page","status-publish","hentry"],"acf":[],"yoast_head":"<!-- This site is optimized with the Yoast SEO plugin v26.4 - https:\/\/yoast.com\/wordpress\/plugins\/seo\/ -->\n<title>Novosti | Changan Balkans<\/title>\n<meta name=\"robots\" content=\"index, follow, max-snippet:-1, max-image-preview:large, max-video-preview:-1\" \/>\n<link rel=\"canonical\" href=\"https:\/\/changan2.mediavistacloud.com\/rs\/novosti\/\" \/>\n<meta property=\"og:locale\" content=\"en_US\" \/>\n<meta property=\"og:type\" content=\"article\" \/>\n<meta property=\"og:title\" content=\"Novosti | Changan Balkans\" \/>\n<meta property=\"og:url\" content=\"https:\/\/changan2.mediavistacloud.com\/rs\/novosti\/\" \/>\n<meta property=\"og:site_name\" content=\"Changan Balkans\" \/>\n<meta property=\"article:modified_time\" content=\"2025-09-25T16:56:06+00:00\" \/>\n<meta property=\"og:image\" content=\"https:\/\/changan2.mediavistacloud.com\/rs\/wp-content\/uploads\/2025\/09\/site-image.jpg\" \/>\n\t<meta property=\"og:image:width\" content=\"1200\" \/>\n\t<meta property=\"og:image:height\" content=\"675\" \/>\n\t<meta property=\"og:image:type\" content=\"image\/jpeg\" \/>\n<meta name=\"twitter:card\" content=\"summary_large_image\" \/>\n<script type=\"application\/ld+json\" class=\"yoast-schema-graph\">{\"@context\":\"https:\/\/schema.org\",\"@graph\":[{\"@type\":\"WebPage\",\"@id\":\"https:\/\/changan2.mediavistacloud.com\/rs\/novosti\/\",\"url\":\"https:\/\/changan2.mediavistacloud.com\/rs\/novosti\/\",\"name\":\"Novosti | Changan Balkans\",\"isPartOf\":{\"@id\":\"https:\/\/changan2.mediavistacloud.com\/rs\/#website\"},\"datePublished\":\"2025-09-25T16:38:37+00:00\",\"dateModified\":\"2025-09-25T16:56:06+00:00\",\"breadcrumb\":{\"@id\":\"https:\/\/changan2.mediavistacloud.com\/rs\/novosti\/#breadcrumb\"},\"inLanguage\":\"en-US\",\"potentialAction\":[{\"@type\":\"ReadAction\",\"target\":[\"https:\/\/changan2.mediavistacloud.com\/rs\/novosti\/\"]}]},{\"@type\":\"BreadcrumbList\",\"@id\":\"https:\/\/changan2.mediavistacloud.com\/rs\/novosti\/#breadcrumb\",\"itemListElement\":[{\"@type\":\"ListItem\",\"position\":1,\"name\":\"Home\",\"item\":\"https:\/\/changan2.mediavistacloud.com\/rs\/\"},{\"@type\":\"ListItem\",\"position\":2,\"name\":\"Novosti\"}]},{\"@type\":\"WebSite\",\"@id\":\"https:\/\/changan2.mediavistacloud.com\/rs\/#website\",\"url\":\"https:\/\/changan2.mediavistacloud.com\/rs\/\",\"name\":\"Changan Balkan\",\"description\":\"\",\"publisher\":{\"@id\":\"https:\/\/changan2.mediavistacloud.com\/rs\/#organization\"},\"potentialAction\":[{\"@type\":\"SearchAction\",\"target\":{\"@type\":\"EntryPoint\",\"urlTemplate\":\"https:\/\/changan2.mediavistacloud.com\/rs\/?s={search_term_string}\"},\"query-input\":{\"@type\":\"PropertyValueSpecification\",\"valueRequired\":true,\"valueName\":\"search_term_string\"}}],\"inLanguage\":\"en-US\"},{\"@type\":\"Organization\",\"@id\":\"https:\/\/changan2.mediavistacloud.com\/rs\/#organization\",\"name\":\"Changan Balkan\",\"url\":\"https:\/\/changan2.mediavistacloud.com\/rs\/\",\"logo\":{\"@type\":\"ImageObject\",\"inLanguage\":\"en-US\",\"@id\":\"https:\/\/changan2.mediavistacloud.com\/rs\/#\/schema\/logo\/image\/\",\"url\":\"http:\/\/localhost\/changan\/wp-content\/uploads\/2025\/09\/cropped-fav.jpg\",\"contentUrl\":\"http:\/\/localhost\/changan\/wp-content\/uploads\/2025\/09\/cropped-fav.jpg\",\"width\":512,\"height\":512,\"caption\":\"Changan Balkan\"},\"image\":{\"@id\":\"https:\/\/changan2.mediavistacloud.com\/rs\/#\/schema\/logo\/image\/\"}}]}<\/script>\n<!-- \/ Yoast SEO plugin. -->","yoast_head_json":{"title":"Novosti | Changan Balkans","robots":{"index":"index","follow":"follow","max-snippet":"max-snippet:-1","max-image-preview":"max-image-preview:large","max-video-preview":"max-video-preview:-1"},"canonical":"https:\/\/changan2.mediavistacloud.com\/rs\/novosti\/","og_locale":"en_US","og_type":"article","og_title":"Novosti | Changan Balkans","og_url":"https:\/\/changan2.mediavistacloud.com\/rs\/novosti\/","og_site_name":"Changan Balkans","article_modified_time":"2025-09-25T16:56:06+00:00","og_image":[{"width":1200,"height":675,"url":"https:\/\/changan2.mediavistacloud.com\/rs\/wp-content\/uploads\/2025\/09\/site-image.jpg","type":"image\/jpeg"}],"twitter_card":"summary_large_image","schema":{"@context":"https:\/\/schema.org","@graph":[{"@type":"WebPage","@id":"https:\/\/changan2.mediavistacloud.com\/rs\/novosti\/","url":"https:\/\/changan2.mediavistacloud.com\/rs\/novosti\/","name":"Novosti | Changan Balkans","isPartOf":{"@id":"https:\/\/changan2.mediavistacloud.com\/rs\/#website"},"datePublished":"2025-09-25T16:38:37+00:00","dateModified":"2025-09-25T16:56:06+00:00","breadcrumb":{"@id":"https:\/\/changan2.mediavistacloud.com\/rs\/novosti\/#breadcrumb"},"inLanguage":"en-US","potentialAction":[{"@type":"ReadAction","target":["https:\/\/changan2.mediavistacloud.com\/rs\/novosti\/"]}]},{"@type":"BreadcrumbList","@id":"https:\/\/changan2.mediavistacloud.com\/rs\/novosti\/#breadcrumb","itemListElement":[{"@type":"ListItem","position":1,"name":"Home","item":"https:\/\/changan2.mediavistacloud.com\/rs\/"},{"@type":"ListItem","position":2,"name":"Novosti"}]},{"@type":"WebSite","@id":"https:\/\/changan2.mediavistacloud.com\/rs\/#website","url":"https:\/\/changan2.mediavistacloud.com\/rs\/","name":"Changan Balkan","description":"","publisher":{"@id":"https:\/\/changan2.mediavistacloud.com\/rs\/#organization"},"potentialAction":[{"@type":"SearchAction","target":{"@type":"EntryPoint","urlTemplate":"https:\/\/changan2.mediavistacloud.com\/rs\/?s={search_term_string}"},"query-input":{"@type":"PropertyValueSpecification","valueRequired":true,"valueName":"search_term_string"}}],"inLanguage":"en-US"},{"@type":"Organization","@id":"https:\/\/changan2.mediavistacloud.com\/rs\/#organization","name":"Changan Balkan","url":"https:\/\/changan2.mediavistacloud.com\/rs\/","logo":{"@type":"ImageObject","inLanguage":"en-US","@id":"https:\/\/changan2.mediavistacloud.com\/rs\/#\/schema\/logo\/image\/","url":"http:\/\/localhost\/changan\/wp-content\/uploads\/2025\/09\/cropped-fav.jpg","contentUrl":"http:\/\/localhost\/changan\/wp-content\/uploads\/2025\/09\/cropped-fav.jpg","width":512,"height":512,"caption":"Changan Balkan"},"image":{"@id":"https:\/\/changan2.mediavistacloud.com\/rs\/#\/schema\/logo\/image\/"}}]}},"_links":{"self":[{"href":"https:\/\/changan2.mediavistacloud.com\/rs\/wp-json\/wp\/v2\/pages\/822","targetHints":{"allow":["GET"]}}],"collection":[{"href":"https:\/\/changan2.mediavistacloud.com\/rs\/wp-json\/wp\/v2\/pages"}],"about":[{"href":"https:\/\/changan2.mediavistacloud.com\/rs\/wp-json\/wp\/v2\/types\/page"}],"author":[{"embeddable":true,"href":"https:\/\/changan2.mediavistacloud.com\/rs\/wp-json\/wp\/v2\/users\/1"}],"replies":[{"embeddable":true,"href":"https:\/\/changan2.mediavistacloud.com\/rs\/wp-json\/wp\/v2\/comments?post=822"}],"version-history":[{"count":8,"href":"https:\/\/changan2.mediavistacloud.com\/rs\/wp-json\/wp\/v2\/pages\/822\/revisions"}],"predecessor-version":[{"id":836,"href":"https:\/\/changan2.mediavistacloud.com\/rs\/wp-json\/wp\/v2\/pages\/822\/revisions\/836"}],"wp:attachment":[{"href":"https:\/\/changan2.mediavistacloud.com\/rs\/wp-json\/wp\/v2\/media?parent=822"}],"curies":[{"name":"wp","href":"https:\/\/api.w.org\/{rel}","templated":true}]}}